{"id":6602,"date":"2019-12-10T11:47:43","date_gmt":"2019-12-10T10:47:43","guid":{"rendered":"http:\/\/preview-intesys2016.intesys.it\/employerbranding\/?page_id=6602"},"modified":"2021-03-04T17:25:10","modified_gmt":"2021-03-04T16:25:10","slug":"sviluppatore-mobile","status":"publish","type":"page","link":"https:\/\/www.intesys.it\/lavora-con-noi\/figure-professionali-developer\/sviluppatore-mobile\/","title":{"rendered":"Sviluppatore Applicazioni Mobile"},"content":{"rendered":"[vc_row type=&#8221;full_width_background&#8221; full_screen_row_position=&#8221;middle&#8221; scene_position=&#8221;center&#8221; text_color=&#8221;light&#8221; text_align=&#8221;left&#8221; top_padding=&#8221;100&#8243; overlay_strength=&#8221;0.3&#8243;][vc_column column_padding=&#8221;no-extra-padding&#8221; column_padding_position=&#8221;all&#8221; background_color_opacity=&#8221;1&#8243; background_hover_color_opacity=&#8221;1&#8243; column_shadow=&#8221;none&#8221; width=&#8221;1\/1&#8243; tablet_text_alignment=&#8221;default&#8221; phone_text_alignment=&#8221;default&#8221; column_border_width=&#8221;none&#8221; column_border_style=&#8221;solid&#8221;][vc_column_text css=&#8221;.vc_custom_1576485726630{margin-top: 40px !important;margin-bottom: 30px !important;}&#8221; el_class=&#8221;black-h1&#8243;]\n<h4 style=\"text-align: left;\"><span style=\"color: #000000;\">Il Developer e le sue specializzazioni<br \/>\n<\/span><\/h4>\n[\/vc_column_text][vc_column_text css=&#8221;.vc_custom_1575974803875{margin-top: 40px !important;margin-bottom: 50px !important;}&#8221; el_class=&#8221;black-h1&#8243;]\n<h1 style=\"text-align: left;\"><span style=\"color: #000000;\">Professione Sviluppatore Mobile<br \/>\n<\/span><\/h1>\n[\/vc_column_text][divider line_type=&#8221;Small Line&#8221; line_thickness=&#8221;3&#8243; divider_color=&#8221;extra-color-gradient-1&#8243; custom_height=&#8221;60&#8243;][\/vc_column][\/vc_row][vc_row type=&#8221;full_width_background&#8221; full_screen_row_position=&#8221;middle&#8221; equal_height=&#8221;yes&#8221; content_placement=&#8221;middle&#8221; scene_position=&#8221;center&#8221; text_color=&#8221;light&#8221; text_align=&#8221;center&#8221; top_padding=&#8221;150&#8243; bottom_padding=&#8221;50&#8243; id=&#8221;intro&#8221; overlay_strength=&#8221;1&#8243;][vc_column column_padding=&#8221;padding-4-percent&#8221; column_padding_position=&#8221;right&#8221; background_color_opacity=&#8221;1&#8243; background_hover_color_opacity=&#8221;1&#8243; column_shadow=&#8221;none&#8221; width=&#8221;1\/2&#8243; tablet_text_alignment=&#8221;default&#8221; phone_text_alignment=&#8221;default&#8221; column_border_width=&#8221;none&#8221; column_border_style=&#8221;solid&#8221;][vc_column_text css_animation=&#8221;fadeInUp&#8221; css=&#8221;.vc_custom_1574870051136{margin-bottom: 40px !important;}&#8221;]\n<h5 style=\"text-align: left; color: gray;\">TEAM<\/h5>\n[\/vc_column_text][vc_column_text css=&#8221;.vc_custom_1575983725139{margin-bottom: 40px !important;}&#8221;]\n<h2 style=\"text-align: left;\"><span style=\"color: #000000;\">Cosa fa nel nostro team<span style=\"color: #fed102;\">?<\/span><\/span><\/h2>\n[\/vc_column_text][vc_row_inner column_margin=&#8221;default&#8221; text_align=&#8221;left&#8221;][vc_column_inner column_padding=&#8221;padding-4-percent&#8221; column_padding_position=&#8221;right&#8221; background_color_opacity=&#8221;1&#8243; width=&#8221;1\/1&#8243; column_border_width=&#8221;none&#8221; column_border_style=&#8221;solid&#8221;][vc_column_text css_animation=&#8221;fadeInUp&#8221; css=&#8221;.vc_custom_1576668790414{margin-bottom: 20px !important;}&#8221;]\n<p style=\"color: #000000; text-align: left;\">Il mobile developer \u00e8 chi nel nostro team si occupa di <strong>sviluppare le applicazioni per dispositivi mobili:<\/strong> \u00e8 una figura fondamentale in un panorama digitale che cambia e si evolve continuamente. I nostri sviluppatori amano le tecnologie e sono fortemente <strong>orientati all\u2019eccellenza e all\u2019innovazione.<\/strong><\/p>\n[\/vc_column_text][vc_column_text css_animation=&#8221;fadeInUp&#8221; css=&#8221;.vc_custom_1576668846843{margin-bottom: 20px !important;}&#8221;]\n<p style=\"color: #000000; text-align: left;\">Il mondo attorno a noi diventa sempre pi\u00f9 multicanale e i dispositivi mobili ci accompagnano ovunque nel corso della vita di ogni giorno: per questo i nostri mobile developer sanno come <strong>muoversi sulle diverse piattaforme mobile<\/strong>, su smartphone come su tablet, <strong>padroneggiano i diversi linguaggi di programmazione<\/strong> e gli ambienti di sviluppo, hanno <strong>esperienza di integrazione e beta testing.<\/strong><\/p>\n[\/vc_column_text][vc_column_text css_animation=&#8221;fadeInUp&#8221; css=&#8221;.vc_custom_1576668921895{margin-bottom: 40px !important;}&#8221;]\n<p style=\"color: #000000; text-align: left;\"><strong>Al centro del nostro lavoro c\u2019\u00e8 sempre l\u2019utente,<\/strong> attorno al quale lavoriamo per sviluppare un\u2019esperienza mobile sempre pi\u00f9 fluida e coinvolgente, per questo ad ogni membro del team sono richieste <strong>competenze di user experience mobile<\/strong> e <strong>conoscenza dei pattern di funzionamento delle app.<\/strong><\/p>\n[\/vc_column_text][\/vc_column_inner][\/vc_row_inner][\/vc_column][vc_column column_padding=&#8221;padding-4-percent&#8221; column_padding_position=&#8221;all&#8221; background_color=&#8221;#f4f4f4&#8243; background_color_opacity=&#8221;1&#8243; background_hover_color_opacity=&#8221;1&#8243; column_shadow=&#8221;none&#8221; width=&#8221;1\/2&#8243; tablet_text_alignment=&#8221;default&#8221; phone_text_alignment=&#8221;default&#8221; column_border_width=&#8221;none&#8221; column_border_style=&#8221;solid&#8221;][image_with_animation image_url=&#8221;6914&#8243; alignment=&#8221;center&#8221; animation=&#8221;Grow In&#8221; box_shadow=&#8221;none&#8221; max_width=&#8221;100%&#8221; el_class=&#8221;img-quote&#8221;][divider line_type=&#8221;No Line&#8221; custom_height=&#8221;20&#8243;][nectar_icon icon_family=&#8221;fontawesome&#8221; icon_style=&#8221;default&#8221; icon_color=&#8221;black&#8221; icon_padding=&#8221;15px&#8221; icon_fontawesome=&#8221;fa fa-quote-left&#8221; icon_size=&#8221;20px&#8221;][vc_column_text]<span style=\"font-size: 16px; line-height: 1.3; color: black;\">Far parte del team mobile in Intesys significa avere costantemente <strong>un occhio puntato verso il futuro<\/strong> per proporre nuove idee e sviluppare soluzioni in grado di <strong>anticipare i bisogni dei nostri utenti.<\/strong><\/span>[\/vc_column_text][divider line_type=&#8221;No Line&#8221;][vc_custom_heading text=&#8221;Giuliano Prati&#8221; font_container=&#8221;tag:h6|font_size:16|text_align:center|color:%23000000&#8243; use_theme_fonts=&#8221;yes&#8221;][vc_custom_heading text=&#8221;<i>Mobile Unit Leader<\/i>&#8221; font_container=&#8221;tag:div|font_size:16|text_align:center|color:%23000000&#8243; use_theme_fonts=&#8221;yes&#8221;][\/vc_column][\/vc_row][vc_row type=&#8221;full_width_background&#8221; full_screen_row_position=&#8221;middle&#8221; equal_height=&#8221;yes&#8221; content_placement=&#8221;top&#8221; scene_position=&#8221;center&#8221; text_color=&#8221;light&#8221; text_align=&#8221;center&#8221; top_padding=&#8221;100&#8243; bottom_padding=&#8221;50&#8243; id=&#8221;intro&#8221; overlay_strength=&#8221;1&#8243;][vc_column column_padding=&#8221;padding-4-percent&#8221; column_padding_position=&#8221;right&#8221; background_color_opacity=&#8221;1&#8243; background_hover_color_opacity=&#8221;1&#8243; column_shadow=&#8221;none&#8221; width=&#8221;1\/2&#8243; tablet_text_alignment=&#8221;default&#8221; phone_text_alignment=&#8221;default&#8221; column_border_width=&#8221;none&#8221; column_border_style=&#8221;solid&#8221;][vc_column_text css_animation=&#8221;fadeInUp&#8221; css=&#8221;.vc_custom_1575903539137{margin-bottom: 40px !important;}&#8221;]\n<h5 style=\"text-align: left; color: gray;\">PROGETTI<\/h5>\n[\/vc_column_text][vc_column_text css=&#8221;.vc_custom_1575983732980{margin-bottom: 40px !important;}&#8221;]\n<h2 style=\"text-align: left;\"><span style=\"color: #000000;\">Che tipo di progetti segue<span style=\"color: #fed102;\">?<\/span><\/span><\/h2>\n[\/vc_column_text][vc_row_inner column_margin=&#8221;default&#8221; text_align=&#8221;left&#8221;][vc_column_inner column_padding=&#8221;padding-4-percent&#8221; column_padding_position=&#8221;right&#8221; background_color_opacity=&#8221;1&#8243; width=&#8221;1\/1&#8243; column_border_width=&#8221;none&#8221; column_border_style=&#8221;solid&#8221;][vc_column_text css_animation=&#8221;fadeInUp&#8221; css=&#8221;.vc_custom_1576669018739{margin-bottom: 100px !important;}&#8221;]\n<p style=\"color: #000000; text-align: left;\">I progetti che coinvolgono il mobile developer possono essere dei pi\u00f9 svariati a seconda dell\u2019esigenza dei nostri clienti. Nella maggior parte dei casi <strong>progettiamo e sviluppiamo soluzioni pensate per il B2B<\/strong> che vanno dunque a ridefinire modalit\u00e0 di lavoro in mobilit\u00e0 dei nostri clienti, ma lavoriamo anche su <strong>progetti consumer B2C a forte interattivit\u00e0<\/strong> ed elevato traffico di utenti.<\/p>\n[\/vc_column_text][\/vc_column_inner][\/vc_row_inner][\/vc_column][vc_column column_padding=&#8221;padding-4-percent&#8221; column_padding_position=&#8221;right&#8221; background_color_opacity=&#8221;1&#8243; background_hover_color_opacity=&#8221;1&#8243; column_shadow=&#8221;none&#8221; width=&#8221;1\/2&#8243; tablet_text_alignment=&#8221;default&#8221; phone_text_alignment=&#8221;default&#8221; column_border_width=&#8221;none&#8221; column_border_style=&#8221;solid&#8221;][vc_column_text css_animation=&#8221;fadeInUp&#8221; css=&#8221;.vc_custom_1575903733909{margin-bottom: 40px !important;}&#8221;]\n<h5 style=\"text-align: left; color: gray;\">FORMAZIONE<\/h5>\n[\/vc_column_text][vc_column_text css=&#8221;.vc_custom_1575983738683{margin-bottom: 40px !important;}&#8221;]\n<h2 style=\"text-align: left;\"><span style=\"color: #000000;\">Che formazione deve avere<span style=\"color: #fed102;\">?<\/span><\/span><\/h2>\n[\/vc_column_text][vc_row_inner column_margin=&#8221;default&#8221; text_align=&#8221;left&#8221;][vc_column_inner column_padding=&#8221;padding-4-percent&#8221; column_padding_position=&#8221;right&#8221; background_color_opacity=&#8221;1&#8243; width=&#8221;1\/1&#8243; column_border_width=&#8221;none&#8221; column_border_style=&#8221;solid&#8221;][vc_column_text css_animation=&#8221;fadeInUp&#8221; css=&#8221;.vc_custom_1576669066694{margin-bottom: 40px !important;}&#8221;]\n<p style=\"color: #000000; text-align: left;\">Per questa tipologia di ruolo una laurea in computer science pu\u00f2 fare la differenza, ma non \u00e8 un elemento fondamentale. <strong>Corsi specifici, auto-formazione, sperimentazione diretta e tanta passione per la risoluzione dei problemi<\/strong> sono la base. La conoscenza dei linguaggi <strong>Java, Kotlin e Swift<\/strong> sono l\u2019elemento fondamentale per lavorare in questo ambito ben sapendo che il settore evolve di anno in anno e per questo \u00e8 necessario <strong>restare costantemente aggiornati<\/strong> e formati.<\/p>\n[\/vc_column_text][\/vc_column_inner][\/vc_row_inner][\/vc_column][\/vc_row][vc_row type=&#8221;full_width_background&#8221; full_screen_row_position=&#8221;middle&#8221; equal_height=&#8221;yes&#8221; content_placement=&#8221;middle&#8221; scene_position=&#8221;center&#8221; text_color=&#8221;light&#8221; text_align=&#8221;center&#8221; top_padding=&#8221;100&#8243; bottom_padding=&#8221;100&#8243; id=&#8221;intro&#8221; overlay_strength=&#8221;1&#8243;][vc_column column_padding=&#8221;padding-4-percent&#8221; column_padding_position=&#8221;right&#8221; background_color_opacity=&#8221;1&#8243; background_hover_color_opacity=&#8221;1&#8243; column_shadow=&#8221;none&#8221; width=&#8221;1\/2&#8243; tablet_text_alignment=&#8221;default&#8221; phone_text_alignment=&#8221;default&#8221; column_border_width=&#8221;none&#8221; column_border_style=&#8221;solid&#8221;][vc_column_text css_animation=&#8221;fadeInUp&#8221; css=&#8221;.vc_custom_1575903806550{margin-bottom: 40px !important;}&#8221;]\n<h5 style=\"text-align: left; color: gray;\">CARATTERISTICHE<\/h5>\n[\/vc_column_text][vc_column_text css=&#8221;.vc_custom_1575983744630{margin-bottom: 40px !important;}&#8221;]\n<h2 style=\"text-align: left;\"><span style=\"color: #000000;\">Quali caratteristiche cerchiamo<span style=\"color: #fed102;\">?<\/span><\/span><\/h2>\n[\/vc_column_text][vc_row_inner column_margin=&#8221;default&#8221; text_align=&#8221;left&#8221;][vc_column_inner column_padding=&#8221;padding-4-percent&#8221; column_padding_position=&#8221;right&#8221; background_color_opacity=&#8221;1&#8243; width=&#8221;1\/1&#8243; column_border_width=&#8221;none&#8221; column_border_style=&#8221;solid&#8221;][vc_column_text css_animation=&#8221;fadeInUp&#8221; css=&#8221;.vc_custom_1576669137485{margin-bottom: 100px !important;}&#8221;]\n<p style=\"color: #000000; text-align: left;\">Un developer sempre pronto a mettersi in gioco e <strong>al passo con le ultime novit\u00e0 del settore.<\/strong> Una figura in grado di <strong>trovare soluzioni e applicarle<\/strong> all\u2019interno dei suoi progetti, in <strong>collaborazione con il resto del team.<\/strong> Se il mobile \u00e8 la tua passione e ritieni che questo ambito abbia un presente e un futuro promettente, questo potrebbe essere il posto giusto per te!<\/p>\n[\/vc_column_text][\/vc_column_inner][\/vc_row_inner][\/vc_column][vc_column column_padding=&#8221;padding-4-percent&#8221; column_padding_position=&#8221;all&#8221; background_color_opacity=&#8221;1&#8243; background_hover_color_opacity=&#8221;1&#8243; background_image=&#8221;5684&#8243; column_shadow=&#8221;none&#8221; el_class=&#8221;hidden-mobile hidden-desktop&#8221; width=&#8221;1\/2&#8243; tablet_text_alignment=&#8221;default&#8221; phone_text_alignment=&#8221;default&#8221; column_border_width=&#8221;none&#8221; column_border_style=&#8221;solid&#8221;][vc_row_inner equal_height=&#8221;yes&#8221; content_placement=&#8221;bottom&#8221; column_margin=&#8221;default&#8221; text_align=&#8221;left&#8221;][vc_column_inner column_padding=&#8221;no-extra-padding&#8221; column_padding_position=&#8221;left&#8221; background_color_opacity=&#8221;1&#8243; el_class=&#8221;video&#8221; width=&#8221;2\/3&#8243; column_border_width=&#8221;none&#8221; column_border_style=&#8221;solid&#8221; column_link=&#8221;#&#8221;][vc_custom_heading text=&#8221;Di cosa si occupa il digital Marketer&#8221; font_container=&#8221;tag:h2|text_align:left|color:%23ffffff&#8221; use_theme_fonts=&#8221;yes&#8221; css=&#8221;.vc_custom_1575650319614{padding-top: 10px !important;}&#8221;][divider line_type=&#8221;No Line&#8221; custom_height=&#8221;70&#8243;][vc_custom_heading text=&#8221;Elisa Nardon&#8221; font_container=&#8221;tag:h5|text_align:left|color:%23ffffff&#8221; use_theme_fonts=&#8221;yes&#8221;][vc_custom_heading text=&#8221;<i>Content Marketing Specialist<\/i>&#8221; font_container=&#8221;tag:h6|text_align:left|color:%23ffffff&#8221; use_theme_fonts=&#8221;yes&#8221; css=&#8221;.vc_custom_1575650383254{padding-bottom: 5px !important;}&#8221;][\/vc_column_inner][vc_column_inner column_padding=&#8221;padding-1-percent&#8221; column_padding_position=&#8221;right&#8221; background_color_opacity=&#8221;1&#8243; font_color=&#8221;#ffffff&#8221; width=&#8221;1\/3&#8243; column_border_width=&#8221;none&#8221; column_border_style=&#8221;solid&#8221;][nectar_video_lightbox link_style=&#8221;play_button&#8221; video_url=&#8221;https:\/\/www.youtube.com\/watch?v=UGy2dlQfJkc&amp;feature=youtu.be&#8221;][\/vc_column_inner][\/vc_row_inner][\/vc_column][\/vc_row][vc_row type=&#8221;full_width_background&#8221; full_screen_row_position=&#8221;middle&#8221; equal_height=&#8221;yes&#8221; content_placement=&#8221;middle&#8221; bg_color=&#8221;#000000&#8243; scene_position=&#8221;center&#8221; text_color=&#8221;light&#8221; text_align=&#8221;left&#8221; top_padding=&#8221;100&#8243; bottom_padding=&#8221;100&#8243; overlay_strength=&#8221;0.3&#8243; background_color=&#8221;#171920&#8243;][vc_column enable_animation=&#8221;true&#8221; animation=&#8221;flip-in&#8221; centered_text=&#8221;true&#8221; column_padding=&#8221;no-extra-padding&#8221; column_padding_position=&#8221;all&#8221; background_color_opacity=&#8221;0.6&#8243; background_hover_color_opacity=&#8221;1&#8243; column_shadow=&#8221;none&#8221; width=&#8221;1\/1&#8243; tablet_text_alignment=&#8221;default&#8221; phone_text_alignment=&#8221;default&#8221; column_border_width=&#8221;none&#8221; column_border_style=&#8221;solid&#8221;][vc_column_text]\n<h3 style=\"text-align: center;\">Ti piacerebbe entrare nel nostro team Mobile?<\/h3>\n[\/vc_column_text][divider line_type=&#8221;No Line&#8221; custom_height=&#8221;50&#8243;][nectar_btn size=&#8221;large&#8221; button_style=&#8221;see-through-2&#8243; color_override=&#8221;#ffffff&#8221; hover_color_override=&#8221;#ffffff&#8221; hover_text_color_override=&#8221;#000000&#8243; icon_family=&#8221;default_arrow&#8221; url=&#8221;\/lavora-con-noi\/candidatura\/&#8221; css_animation=&#8221;none&#8221; text=&#8221;INVIA IL TUO CV&#8221;][\/vc_column][\/vc_row]\n","protected":false},"excerpt":{"rendered":"<p>[vc_row type=&#8221;full_width_background&#8221; full_screen_row_position=&#8221;middle&#8221; scene_position=&#8221;center&#8221; text_color=&#8221;light&#8221; text_align=&#8221;left&#8221; top_padding=&#8221;100&#8243; overlay_strength=&#8221;0.3&#8243;][vc_column column_padding=&#8221;no-extra-padding&#8221; column_padding_position=&#8221;all&#8221;&#8230;<\/p>\n","protected":false},"author":8,"featured_media":0,"parent":6452,"menu_order":0,"comment_status":"closed","ping_status":"closed","template":"","meta":{"_acf_changed":false,"inline_featured_image":false,"footnotes":""},"class_list":["post-6602","page","type-page","status-publish"],"acf":[],"yoast_head":"<!-- This site is optimized with the Yoast SEO plugin v25.8 - https:\/\/yoast.com\/wordpress\/plugins\/seo\/ -->\n<title>Sviluppatore Applicazioni Mobile | Lavora con noi | Intesys<\/title>\n<meta name=\"description\" content=\"Il mobile developer si occupa di sviluppare applicazioni per dispositivi mobili ed \u00e8 fondamentale in un panorama digitale in continuo cambiamento.\" \/>\n<meta name=\"robots\" content=\"index, follow, max-snippet:-1, max-image-preview:large, max-video-preview:-1\" \/>\n<link rel=\"canonical\" href=\"https:\/\/www.intesys.it\/lavora-con-noi\/figure-professionali-developer\/sviluppatore-mobile\/\" \/>\n<meta property=\"og:locale\" content=\"it_IT\" \/>\n<meta property=\"og:type\" content=\"article\" \/>\n<meta property=\"og:title\" content=\"Sviluppatore Applicazioni Mobile | Lavora con noi | Intesys\" \/>\n<meta property=\"og:description\" content=\"Il mobile developer si occupa di sviluppare applicazioni per dispositivi mobili ed \u00e8 fondamentale in un panorama digitale in continuo cambiamento.\" \/>\n<meta property=\"og:url\" content=\"https:\/\/www.intesys.it\/lavora-con-noi\/figure-professionali-developer\/sviluppatore-mobile\/\" \/>\n<meta property=\"og:site_name\" content=\"Lavora con noi | Intesys\" \/>\n<meta property=\"article:modified_time\" content=\"2021-03-04T16:25:10+00:00\" \/>\n<meta property=\"og:image\" content=\"https:\/\/www.intesys.it\/lavora-con-noi\/wp-content\/uploads\/sites\/11\/2021\/03\/logo_nero.png\" \/>\n\t<meta property=\"og:image:width\" content=\"200\" \/>\n\t<meta property=\"og:image:height\" content=\"200\" \/>\n\t<meta property=\"og:image:type\" content=\"image\/png\" \/>\n<meta name=\"twitter:card\" content=\"summary_large_image\" \/>\n<meta name=\"twitter:label1\" content=\"Tempo di lettura stimato\" \/>\n\t<meta name=\"twitter:data1\" content=\"8 minuti\" \/>\n<script type=\"application\/ld+json\" class=\"yoast-schema-graph\">{\"@context\":\"https:\/\/schema.org\",\"@graph\":[{\"@type\":\"WebPage\",\"@id\":\"https:\/\/www.intesys.it\/lavora-con-noi\/figure-professionali-developer\/sviluppatore-mobile\/\",\"url\":\"https:\/\/www.intesys.it\/lavora-con-noi\/figure-professionali-developer\/sviluppatore-mobile\/\",\"name\":\"Sviluppatore Applicazioni Mobile | Lavora con noi | Intesys\",\"isPartOf\":{\"@id\":\"https:\/\/www.intesys.it\/lavora-con-noi\/#website\"},\"datePublished\":\"2019-12-10T10:47:43+00:00\",\"dateModified\":\"2021-03-04T16:25:10+00:00\",\"description\":\"Il mobile developer si occupa di sviluppare applicazioni per dispositivi mobili ed \u00e8 fondamentale in un panorama digitale in continuo cambiamento.\",\"breadcrumb\":{\"@id\":\"https:\/\/www.intesys.it\/lavora-con-noi\/figure-professionali-developer\/sviluppatore-mobile\/#breadcrumb\"},\"inLanguage\":\"it-IT\",\"potentialAction\":[{\"@type\":\"ReadAction\",\"target\":[\"https:\/\/www.intesys.it\/lavora-con-noi\/figure-professionali-developer\/sviluppatore-mobile\/\"]}]},{\"@type\":\"BreadcrumbList\",\"@id\":\"https:\/\/www.intesys.it\/lavora-con-noi\/figure-professionali-developer\/sviluppatore-mobile\/#breadcrumb\",\"itemListElement\":[{\"@type\":\"ListItem\",\"position\":1,\"name\":\"Home\",\"item\":\"https:\/\/www.intesys.it\/lavora-con-noi\/\"},{\"@type\":\"ListItem\",\"position\":2,\"name\":\"Developer\",\"item\":\"https:\/\/www.intesys.it\/lavora-con-noi\/figure-professionali-developer\/\"},{\"@type\":\"ListItem\",\"position\":3,\"name\":\"Sviluppatore Applicazioni Mobile\"}]},{\"@type\":\"WebSite\",\"@id\":\"https:\/\/www.intesys.it\/lavora-con-noi\/#website\",\"url\":\"https:\/\/www.intesys.it\/lavora-con-noi\/\",\"name\":\"Lavora con noi | Intesys\",\"description\":\"Open to your talents\",\"publisher\":{\"@id\":\"https:\/\/www.intesys.it\/lavora-con-noi\/#organization\"},\"potentialAction\":[{\"@type\":\"SearchAction\",\"target\":{\"@type\":\"EntryPoint\",\"urlTemplate\":\"https:\/\/www.intesys.it\/lavora-con-noi\/?s={search_term_string}\"},\"query-input\":{\"@type\":\"PropertyValueSpecification\",\"valueRequired\":true,\"valueName\":\"search_term_string\"}}],\"inLanguage\":\"it-IT\"},{\"@type\":\"Organization\",\"@id\":\"https:\/\/www.intesys.it\/lavora-con-noi\/#organization\",\"name\":\"Intesys\",\"url\":\"https:\/\/www.intesys.it\/lavora-con-noi\/\",\"logo\":{\"@type\":\"ImageObject\",\"inLanguage\":\"it-IT\",\"@id\":\"https:\/\/www.intesys.it\/lavora-con-noi\/#\/schema\/logo\/image\/\",\"url\":\"https:\/\/www.intesys.it\/lavora-con-noi\/wp-content\/uploads\/sites\/11\/2020\/01\/Intesys-Logo.png\",\"contentUrl\":\"https:\/\/www.intesys.it\/lavora-con-noi\/wp-content\/uploads\/sites\/11\/2020\/01\/Intesys-Logo.png\",\"width\":380,\"height\":133,\"caption\":\"Intesys\"},\"image\":{\"@id\":\"https:\/\/www.intesys.it\/lavora-con-noi\/#\/schema\/logo\/image\/\"}}]}<\/script>\n<!-- \/ Yoast SEO plugin. -->","yoast_head_json":{"title":"Sviluppatore Applicazioni Mobile | Lavora con noi | Intesys","description":"Il mobile developer si occupa di sviluppare applicazioni per dispositivi mobili ed \u00e8 fondamentale in un panorama digitale in continuo cambiamento.","robots":{"index":"index","follow":"follow","max-snippet":"max-snippet:-1","max-image-preview":"max-image-preview:large","max-video-preview":"max-video-preview:-1"},"canonical":"https:\/\/www.intesys.it\/lavora-con-noi\/figure-professionali-developer\/sviluppatore-mobile\/","og_locale":"it_IT","og_type":"article","og_title":"Sviluppatore Applicazioni Mobile | Lavora con noi | Intesys","og_description":"Il mobile developer si occupa di sviluppare applicazioni per dispositivi mobili ed \u00e8 fondamentale in un panorama digitale in continuo cambiamento.","og_url":"https:\/\/www.intesys.it\/lavora-con-noi\/figure-professionali-developer\/sviluppatore-mobile\/","og_site_name":"Lavora con noi | Intesys","article_modified_time":"2021-03-04T16:25:10+00:00","og_image":[{"width":200,"height":200,"url":"https:\/\/www.intesys.it\/lavora-con-noi\/wp-content\/uploads\/sites\/11\/2021\/03\/logo_nero.png","type":"image\/png"}],"twitter_card":"summary_large_image","twitter_misc":{"Tempo di lettura stimato":"8 minuti"},"schema":{"@context":"https:\/\/schema.org","@graph":[{"@type":"WebPage","@id":"https:\/\/www.intesys.it\/lavora-con-noi\/figure-professionali-developer\/sviluppatore-mobile\/","url":"https:\/\/www.intesys.it\/lavora-con-noi\/figure-professionali-developer\/sviluppatore-mobile\/","name":"Sviluppatore Applicazioni Mobile | Lavora con noi | Intesys","isPartOf":{"@id":"https:\/\/www.intesys.it\/lavora-con-noi\/#website"},"datePublished":"2019-12-10T10:47:43+00:00","dateModified":"2021-03-04T16:25:10+00:00","description":"Il mobile developer si occupa di sviluppare applicazioni per dispositivi mobili ed \u00e8 fondamentale in un panorama digitale in continuo cambiamento.","breadcrumb":{"@id":"https:\/\/www.intesys.it\/lavora-con-noi\/figure-professionali-developer\/sviluppatore-mobile\/#breadcrumb"},"inLanguage":"it-IT","potentialAction":[{"@type":"ReadAction","target":["https:\/\/www.intesys.it\/lavora-con-noi\/figure-professionali-developer\/sviluppatore-mobile\/"]}]},{"@type":"BreadcrumbList","@id":"https:\/\/www.intesys.it\/lavora-con-noi\/figure-professionali-developer\/sviluppatore-mobile\/#breadcrumb","itemListElement":[{"@type":"ListItem","position":1,"name":"Home","item":"https:\/\/www.intesys.it\/lavora-con-noi\/"},{"@type":"ListItem","position":2,"name":"Developer","item":"https:\/\/www.intesys.it\/lavora-con-noi\/figure-professionali-developer\/"},{"@type":"ListItem","position":3,"name":"Sviluppatore Applicazioni Mobile"}]},{"@type":"WebSite","@id":"https:\/\/www.intesys.it\/lavora-con-noi\/#website","url":"https:\/\/www.intesys.it\/lavora-con-noi\/","name":"Lavora con noi | Intesys","description":"Open to your talents","publisher":{"@id":"https:\/\/www.intesys.it\/lavora-con-noi\/#organization"},"potentialAction":[{"@type":"SearchAction","target":{"@type":"EntryPoint","urlTemplate":"https:\/\/www.intesys.it\/lavora-con-noi\/?s={search_term_string}"},"query-input":{"@type":"PropertyValueSpecification","valueRequired":true,"valueName":"search_term_string"}}],"inLanguage":"it-IT"},{"@type":"Organization","@id":"https:\/\/www.intesys.it\/lavora-con-noi\/#organization","name":"Intesys","url":"https:\/\/www.intesys.it\/lavora-con-noi\/","logo":{"@type":"ImageObject","inLanguage":"it-IT","@id":"https:\/\/www.intesys.it\/lavora-con-noi\/#\/schema\/logo\/image\/","url":"https:\/\/www.intesys.it\/lavora-con-noi\/wp-content\/uploads\/sites\/11\/2020\/01\/Intesys-Logo.png","contentUrl":"https:\/\/www.intesys.it\/lavora-con-noi\/wp-content\/uploads\/sites\/11\/2020\/01\/Intesys-Logo.png","width":380,"height":133,"caption":"Intesys"},"image":{"@id":"https:\/\/www.intesys.it\/lavora-con-noi\/#\/schema\/logo\/image\/"}}]}},"_links":{"self":[{"href":"https:\/\/www.intesys.it\/lavora-con-noi\/wp-json\/wp\/v2\/pages\/6602","targetHints":{"allow":["GET"]}}],"collection":[{"href":"https:\/\/www.intesys.it\/lavora-con-noi\/wp-json\/wp\/v2\/pages"}],"about":[{"href":"https:\/\/www.intesys.it\/lavora-con-noi\/wp-json\/wp\/v2\/types\/page"}],"author":[{"embeddable":true,"href":"https:\/\/www.intesys.it\/lavora-con-noi\/wp-json\/wp\/v2\/users\/8"}],"replies":[{"embeddable":true,"href":"https:\/\/www.intesys.it\/lavora-con-noi\/wp-json\/wp\/v2\/comments?post=6602"}],"version-history":[{"count":11,"href":"https:\/\/www.intesys.it\/lavora-con-noi\/wp-json\/wp\/v2\/pages\/6602\/revisions"}],"predecessor-version":[{"id":7722,"href":"https:\/\/www.intesys.it\/lavora-con-noi\/wp-json\/wp\/v2\/pages\/6602\/revisions\/7722"}],"up":[{"embeddable":true,"href":"https:\/\/www.intesys.it\/lavora-con-noi\/wp-json\/wp\/v2\/pages\/6452"}],"wp:attachment":[{"href":"https:\/\/www.intesys.it\/lavora-con-noi\/wp-json\/wp\/v2\/media?parent=6602"}],"curies":[{"name":"wp","href":"https:\/\/api.w.org\/{rel}","templated":true}]}}