{"id":1312,"date":"2018-09-21T11:03:44","date_gmt":"2018-09-21T09:03:44","guid":{"rendered":"https:\/\/www.intesys.it\/reportdisostenibilita\/?page_id=1312"},"modified":"2021-07-26T11:12:32","modified_gmt":"2021-07-26T09:12:32","slug":"rilevanza-degli-argomenti-e-azioni-migliorative","status":"publish","type":"page","link":"https:\/\/www.intesys.it\/report-di-sostenibilita-2018\/rilevanza-degli-argomenti-e-azioni-migliorative\/","title":{"rendered":"Rilevanza degli argomenti e azioni migliorative"},"content":{"rendered":"[vc_row type=&#8221;full_width_background&#8221; full_screen_row_position=&#8221;middle&#8221; equal_height=&#8221;yes&#8221; content_placement=&#8221;top&#8221; bg_color=&#8221;#17fdb4&#8243; scene_position=&#8221;center&#8221; text_color=&#8221;dark&#8221; text_align=&#8221;left&#8221; overlay_strength=&#8221;0.3&#8243;][vc_column column_padding=&#8221;padding-10-percent&#8221; column_padding_position=&#8221;top-bottom&#8221; background_color_opacity=&#8221;1&#8243; background_hover_color_opacity=&#8221;1&#8243; column_shadow=&#8221;none&#8221; width=&#8221;1\/1&#8243; tablet_text_alignment=&#8221;default&#8221; phone_text_alignment=&#8221;default&#8221; column_border_width=&#8221;none&#8221; column_border_style=&#8221;solid&#8221;][nectar_icon icon_family=&#8221;iconsmind&#8221; icon_style=&#8221;default&#8221; icon_color=&#8221;Extra-Color-2&#8243; icon_padding=&#8221;0px&#8221; icon_iconsmind=&#8221;iconsmind-Medal-3&#8243; icon_size=&#8221;50&#8243; margin_bottom=&#8221;50&#8243;][vc_column_text el_class=&#8221;responsabilita-title&#8221;]\n<h3 style=\"color: black; font-size: 60px; line-height: 66px;\">Rilevanza degli argomenti e azioni migliorative<\/h3>\n[\/vc_column_text][\/vc_column][\/vc_row][vc_row type=&#8221;in_container&#8221; full_screen_row_position=&#8221;middle&#8221; equal_height=&#8221;yes&#8221; content_placement=&#8221;top&#8221; scene_position=&#8221;center&#8221; text_color=&#8221;dark&#8221; text_align=&#8221;left&#8221; overlay_strength=&#8221;0.3&#8243;][vc_column column_padding=&#8221;no-extra-padding&#8221; column_padding_position=&#8221;all&#8221; background_color_opacity=&#8221;1&#8243; background_hover_color_opacity=&#8221;1&#8243; column_shadow=&#8221;none&#8221; width=&#8221;1\/1&#8243; tablet_text_alignment=&#8221;default&#8221; phone_text_alignment=&#8221;default&#8221; column_border_width=&#8221;none&#8221; column_border_style=&#8221;solid&#8221;][divider line_type=&#8221;No Line&#8221; custom_height=&#8221;100&#8243;][\/vc_column][\/vc_row][vc_row type=&#8221;in_container&#8221; full_screen_row_position=&#8221;middle&#8221; equal_height=&#8221;yes&#8221; content_placement=&#8221;top&#8221; scene_position=&#8221;center&#8221; text_color=&#8221;dark&#8221; text_align=&#8221;left&#8221; overlay_strength=&#8221;0.3&#8243;][vc_column column_padding=&#8221;no-extra-padding&#8221; column_padding_position=&#8221;all&#8221; background_color_opacity=&#8221;1&#8243; background_hover_color_opacity=&#8221;1&#8243; column_shadow=&#8221;none&#8221; width=&#8221;1\/1&#8243; tablet_text_alignment=&#8221;default&#8221; phone_text_alignment=&#8221;default&#8221; column_border_width=&#8221;none&#8221; column_border_style=&#8221;solid&#8221;][vc_column_text]Elementi ritenuti rilevanti e oggetto di procedure di miglioramento:[\/vc_column_text][divider line_type=&#8221;No Line&#8221; custom_height=&#8221;100&#8243;][\/vc_column][\/vc_row][vc_row type=&#8221;in_container&#8221; full_screen_row_position=&#8221;middle&#8221; equal_height=&#8221;yes&#8221; content_placement=&#8221;top&#8221; scene_position=&#8221;center&#8221; text_color=&#8221;dark&#8221; text_align=&#8221;left&#8221; overlay_strength=&#8221;0.3&#8243;][vc_column column_padding=&#8221;padding-2-percent&#8221; column_padding_position=&#8221;right&#8221; background_color_opacity=&#8221;1&#8243; background_hover_color_opacity=&#8221;1&#8243; column_shadow=&#8221;none&#8221; width=&#8221;1\/3&#8243; tablet_text_alignment=&#8221;default&#8221; phone_text_alignment=&#8221;default&#8221; column_border_width=&#8221;none&#8221; column_border_style=&#8221;solid&#8221;][vc_row_inner column_margin=&#8221;default&#8221; text_align=&#8221;left&#8221;][vc_column_inner column_padding=&#8221;padding-13-percent&#8221; column_padding_position=&#8221;right&#8221; background_color_opacity=&#8221;1&#8243; width=&#8221;1\/1&#8243; column_border_width=&#8221;none&#8221; column_border_style=&#8221;solid&#8221;][image_with_animation image_url=&#8221;1319&#8243; alignment=&#8221;&#8221; animation=&#8221;Fade In&#8221; box_shadow=&#8221;none&#8221; max_width=&#8221;100%&#8221;][divider line_type=&#8221;No Line&#8221; custom_height=&#8221;20&#8243;][\/vc_column_inner][\/vc_row_inner][vc_column_text]<b>Mitigazione impatto ambientale<\/b><\/p>\n<p>entro il 2018 verr\u00e0 ricalcolata l&#8217;impronta ecologica della azienda con l&#8217;evidenziazione dell&#8217;impatto di varie singole attivit\u00e0. Sar\u00e0 cos\u00ec possibile impostare un piano di miglioramento che verr\u00e0 rendicontato nel prossimo report[\/vc_column_text][divider line_type=&#8221;No Line&#8221; custom_height=&#8221;50&#8243;][\/vc_column][vc_column column_padding=&#8221;padding-1-percent&#8221; column_padding_position=&#8221;left-right&#8221; background_color_opacity=&#8221;1&#8243; background_hover_color_opacity=&#8221;1&#8243; column_shadow=&#8221;none&#8221; width=&#8221;1\/3&#8243; tablet_text_alignment=&#8221;default&#8221; phone_text_alignment=&#8221;default&#8221; column_border_width=&#8221;none&#8221; column_border_style=&#8221;solid&#8221;][vc_row_inner column_margin=&#8221;default&#8221; text_align=&#8221;left&#8221;][vc_column_inner column_padding=&#8221;padding-13-percent&#8221; column_padding_position=&#8221;right&#8221; background_color_opacity=&#8221;1&#8243; width=&#8221;1\/1&#8243; column_border_width=&#8221;none&#8221; column_border_style=&#8221;solid&#8221;][image_with_animation image_url=&#8221;1320&#8243; alignment=&#8221;&#8221; animation=&#8221;Fade In&#8221; box_shadow=&#8221;none&#8221; max_width=&#8221;100%&#8221;][divider line_type=&#8221;No Line&#8221; custom_height=&#8221;20&#8243;][\/vc_column_inner][\/vc_row_inner][vc_column_text]<b>Avvio procedure anticorruzione<\/b><\/p>\n<p>Nel marzo 2018 \u00e8 stato avviato il modello organizzativo 231 che comprende una serie di procedure operative per evitare fenomeni corruttivi. Nel prossimo report di sostenibilit\u00e0 verranno rendicontate le azioni di miglioramento del modello iniziale per renderlo sempre pi\u00f9 condiviso ed efficace[\/vc_column_text][divider line_type=&#8221;No Line&#8221; custom_height=&#8221;50&#8243;][\/vc_column][vc_column column_padding=&#8221;padding-2-percent&#8221; column_padding_position=&#8221;left&#8221; background_color_opacity=&#8221;1&#8243; background_hover_color_opacity=&#8221;1&#8243; column_shadow=&#8221;none&#8221; width=&#8221;1\/3&#8243; tablet_text_alignment=&#8221;default&#8221; phone_text_alignment=&#8221;default&#8221; column_border_width=&#8221;none&#8221; column_border_style=&#8221;solid&#8221;][vc_row_inner column_margin=&#8221;default&#8221; text_align=&#8221;left&#8221;][vc_column_inner column_padding=&#8221;padding-13-percent&#8221; column_padding_position=&#8221;right&#8221; background_color_opacity=&#8221;1&#8243; width=&#8221;1\/1&#8243; column_border_width=&#8221;none&#8221; column_border_style=&#8221;solid&#8221;][image_with_animation image_url=&#8221;1322&#8243; alignment=&#8221;&#8221; animation=&#8221;Fade In&#8221; box_shadow=&#8221;none&#8221; max_width=&#8221;100%&#8221;][divider line_type=&#8221;No Line&#8221; custom_height=&#8221;20&#8243;][\/vc_column_inner][\/vc_row_inner][vc_column_text]<b>Stakeholders engagement su temi legati alla RSI<\/b><\/p>\n<p>entro il 2018 verr\u00e0 redatto un piano di stakeholders engagement con un preciso elenco di iniziative da svolgere nel 2019 (engagement su global compact, open hospital, \u2026), nel prossimo report di sostenibilit\u00e0 verranno riportati i risultati con un piano di continuit\u00e0 e miglioramento[\/vc_column_text][divider line_type=&#8221;No Line&#8221; custom_height=&#8221;50&#8243;][\/vc_column][vc_column column_padding=&#8221;no-extra-padding&#8221; column_padding_position=&#8221;all&#8221; background_color_opacity=&#8221;1&#8243; background_hover_color_opacity=&#8221;1&#8243; column_shadow=&#8221;none&#8221; width=&#8221;1\/1&#8243; tablet_text_alignment=&#8221;default&#8221; phone_text_alignment=&#8221;default&#8221; column_border_width=&#8221;none&#8221; column_border_style=&#8221;solid&#8221;][divider line_type=&#8221;No Line&#8221; custom_height=&#8221;100&#8243;][\/vc_column][\/vc_row]\n","protected":false},"excerpt":{"rendered":"<p>[vc_row type=&#8221;full_width_background&#8221; full_screen_row_position=&#8221;middle&#8221; equal_height=&#8221;yes&#8221; content_placement=&#8221;top&#8221; bg_color=&#8221;#17fdb4&#8243; scene_position=&#8221;center&#8221; text_color=&#8221;dark&#8221; text_align=&#8221;left&#8221; overlay_strength=&#8221;0.3&#8243;][vc_column column_padding=&#8221;padding-10-percent&#8221; column_padding_position=&#8221;top-bottom&#8221; background_color_opacity=&#8221;1&#8243; background_hover_color_opacity=&#8221;1&#8243; column_shadow=&#8221;none&#8221; width=&#8221;1\/1&#8243; tablet_text_alignment=&#8221;default&#8221; phone_text_alignment=&#8221;default&#8221; column_border_width=&#8221;none&#8221; column_border_style=&#8221;solid&#8221;][nectar_icon icon_family=&#8221;iconsmind&#8221; icon_style=&#8221;default&#8221; icon_color=&#8221;Extra-Color-2&#8243; icon_padding=&#8221;0px&#8221; icon_iconsmind=&#8221;iconsmind-Medal-3&#8243; icon_size=&#8221;50&#8243; margin_bottom=&#8221;50&#8243;][vc_column_text el_class=&#8221;responsabilita-title&#8221;] Rilevanza degli&#8230;<\/p>\n","protected":false},"author":17,"featured_media":0,"parent":0,"menu_order":0,"comment_status":"closed","ping_status":"closed","template":"","meta":{"_acf_changed":false,"inline_featured_image":false,"footnotes":""},"class_list":["post-1312","page","type-page","status-publish"],"acf":[],"yoast_head":"<!-- This site is optimized with the Yoast SEO plugin v25.8 - https:\/\/yoast.com\/wordpress\/plugins\/seo\/ -->\n<title>Rilevanza degli argomenti e azioni migliorative<\/title>\n<meta name=\"description\" content=\"Elementi ritenuti rilevanti e oggetto di procedure di miglioramento: mitigazione impatto ambientale, avvio procedure anticorruzione...\" \/>\n<meta name=\"robots\" content=\"noindex, follow, max-snippet:-1, max-image-preview:large, max-video-preview:-1\" \/>\n<meta property=\"og:locale\" content=\"it_IT\" \/>\n<meta property=\"og:type\" content=\"article\" \/>\n<meta property=\"og:title\" content=\"Rilevanza degli argomenti e azioni migliorative\" \/>\n<meta property=\"og:description\" content=\"Elementi ritenuti rilevanti e oggetto di procedure di miglioramento: mitigazione impatto ambientale, avvio procedure anticorruzione...\" \/>\n<meta property=\"og:url\" content=\"https:\/\/www.intesys.it\/report-di-sostenibilita-2021\/rilevanza-degli-argomenti-e-azioni-migliorative\/\" \/>\n<meta property=\"og:site_name\" content=\"Report di Sostenibilit\u00e0 2018\" \/>\n<meta property=\"article:modified_time\" content=\"2021-07-26T09:12:32+00:00\" \/>\n<meta property=\"og:image\" content=\"https:\/\/www.intesys.it\/report-di-sostenibilita-2018\/wp-content\/uploads\/sites\/10\/2021\/03\/logo_blu.png\" \/>\n\t<meta property=\"og:image:width\" content=\"200\" \/>\n\t<meta property=\"og:image:height\" content=\"200\" \/>\n\t<meta property=\"og:image:type\" content=\"image\/png\" \/>\n<meta name=\"twitter:card\" content=\"summary_large_image\" \/>\n<meta name=\"twitter:label1\" content=\"Tempo di lettura stimato\" \/>\n\t<meta name=\"twitter:data1\" content=\"4 minuti\" \/>\n<script type=\"application\/ld+json\" class=\"yoast-schema-graph\">{\"@context\":\"https:\/\/schema.org\",\"@graph\":[{\"@type\":\"WebPage\",\"@id\":\"https:\/\/www.intesys.it\/report-di-sostenibilita-2018\/rilevanza-degli-argomenti-e-azioni-migliorative\/\",\"url\":\"https:\/\/www.intesys.it\/report-di-sostenibilita-2021\/rilevanza-degli-argomenti-e-azioni-migliorative\/\",\"name\":\"Rilevanza degli argomenti e azioni migliorative\",\"isPartOf\":{\"@id\":\"https:\/\/www.intesys.it\/report-di-sostenibilita-2018\/#website\"},\"datePublished\":\"2018-09-21T09:03:44+00:00\",\"dateModified\":\"2021-07-26T09:12:32+00:00\",\"description\":\"Elementi ritenuti rilevanti e oggetto di procedure di miglioramento: mitigazione impatto ambientale, avvio procedure anticorruzione...\",\"breadcrumb\":{\"@id\":\"https:\/\/www.intesys.it\/report-di-sostenibilita-2021\/rilevanza-degli-argomenti-e-azioni-migliorative\/#breadcrumb\"},\"inLanguage\":\"it-IT\",\"potentialAction\":[{\"@type\":\"ReadAction\",\"target\":[\"https:\/\/www.intesys.it\/report-di-sostenibilita-2021\/rilevanza-degli-argomenti-e-azioni-migliorative\/\"]}]},{\"@type\":\"BreadcrumbList\",\"@id\":\"https:\/\/www.intesys.it\/report-di-sostenibilita-2021\/rilevanza-degli-argomenti-e-azioni-migliorative\/#breadcrumb\",\"itemListElement\":[{\"@type\":\"ListItem\",\"position\":1,\"name\":\"Home\",\"item\":\"https:\/\/www.intesys.it\/report-di-sostenibilita-2018\/\"},{\"@type\":\"ListItem\",\"position\":2,\"name\":\"Rilevanza degli argomenti e azioni migliorative\"}]},{\"@type\":\"WebSite\",\"@id\":\"https:\/\/www.intesys.it\/report-di-sostenibilita-2018\/#website\",\"url\":\"https:\/\/www.intesys.it\/report-di-sostenibilita-2018\/\",\"name\":\"Report di Sostenibilit\u00e0 2018\",\"description\":\"\",\"potentialAction\":[{\"@type\":\"SearchAction\",\"target\":{\"@type\":\"EntryPoint\",\"urlTemplate\":\"https:\/\/www.intesys.it\/report-di-sostenibilita-2018\/?s={search_term_string}\"},\"query-input\":{\"@type\":\"PropertyValueSpecification\",\"valueRequired\":true,\"valueName\":\"search_term_string\"}}],\"inLanguage\":\"it-IT\"}]}<\/script>\n<!-- \/ Yoast SEO plugin. -->","yoast_head_json":{"title":"Rilevanza degli argomenti e azioni migliorative","description":"Elementi ritenuti rilevanti e oggetto di procedure di miglioramento: mitigazione impatto ambientale, avvio procedure anticorruzione...","robots":{"index":"noindex","follow":"follow","max-snippet":"max-snippet:-1","max-image-preview":"max-image-preview:large","max-video-preview":"max-video-preview:-1"},"og_locale":"it_IT","og_type":"article","og_title":"Rilevanza degli argomenti e azioni migliorative","og_description":"Elementi ritenuti rilevanti e oggetto di procedure di miglioramento: mitigazione impatto ambientale, avvio procedure anticorruzione...","og_url":"https:\/\/www.intesys.it\/report-di-sostenibilita-2021\/rilevanza-degli-argomenti-e-azioni-migliorative\/","og_site_name":"Report di Sostenibilit\u00e0 2018","article_modified_time":"2021-07-26T09:12:32+00:00","og_image":[{"width":200,"height":200,"url":"https:\/\/www.intesys.it\/report-di-sostenibilita-2018\/wp-content\/uploads\/sites\/10\/2021\/03\/logo_blu.png","type":"image\/png"}],"twitter_card":"summary_large_image","twitter_misc":{"Tempo di lettura stimato":"4 minuti"},"schema":{"@context":"https:\/\/schema.org","@graph":[{"@type":"WebPage","@id":"https:\/\/www.intesys.it\/report-di-sostenibilita-2018\/rilevanza-degli-argomenti-e-azioni-migliorative\/","url":"https:\/\/www.intesys.it\/report-di-sostenibilita-2021\/rilevanza-degli-argomenti-e-azioni-migliorative\/","name":"Rilevanza degli argomenti e azioni migliorative","isPartOf":{"@id":"https:\/\/www.intesys.it\/report-di-sostenibilita-2018\/#website"},"datePublished":"2018-09-21T09:03:44+00:00","dateModified":"2021-07-26T09:12:32+00:00","description":"Elementi ritenuti rilevanti e oggetto di procedure di miglioramento: mitigazione impatto ambientale, avvio procedure anticorruzione...","breadcrumb":{"@id":"https:\/\/www.intesys.it\/report-di-sostenibilita-2021\/rilevanza-degli-argomenti-e-azioni-migliorative\/#breadcrumb"},"inLanguage":"it-IT","potentialAction":[{"@type":"ReadAction","target":["https:\/\/www.intesys.it\/report-di-sostenibilita-2021\/rilevanza-degli-argomenti-e-azioni-migliorative\/"]}]},{"@type":"BreadcrumbList","@id":"https:\/\/www.intesys.it\/report-di-sostenibilita-2021\/rilevanza-degli-argomenti-e-azioni-migliorative\/#breadcrumb","itemListElement":[{"@type":"ListItem","position":1,"name":"Home","item":"https:\/\/www.intesys.it\/report-di-sostenibilita-2018\/"},{"@type":"ListItem","position":2,"name":"Rilevanza degli argomenti e azioni migliorative"}]},{"@type":"WebSite","@id":"https:\/\/www.intesys.it\/report-di-sostenibilita-2018\/#website","url":"https:\/\/www.intesys.it\/report-di-sostenibilita-2018\/","name":"Report di Sostenibilit\u00e0 2018","description":"","potentialAction":[{"@type":"SearchAction","target":{"@type":"EntryPoint","urlTemplate":"https:\/\/www.intesys.it\/report-di-sostenibilita-2018\/?s={search_term_string}"},"query-input":{"@type":"PropertyValueSpecification","valueRequired":true,"valueName":"search_term_string"}}],"inLanguage":"it-IT"}]}},"_links":{"self":[{"href":"https:\/\/www.intesys.it\/report-di-sostenibilita-2018\/wp-json\/wp\/v2\/pages\/1312","targetHints":{"allow":["GET"]}}],"collection":[{"href":"https:\/\/www.intesys.it\/report-di-sostenibilita-2018\/wp-json\/wp\/v2\/pages"}],"about":[{"href":"https:\/\/www.intesys.it\/report-di-sostenibilita-2018\/wp-json\/wp\/v2\/types\/page"}],"author":[{"embeddable":true,"href":"https:\/\/www.intesys.it\/report-di-sostenibilita-2018\/wp-json\/wp\/v2\/users\/17"}],"replies":[{"embeddable":true,"href":"https:\/\/www.intesys.it\/report-di-sostenibilita-2018\/wp-json\/wp\/v2\/comments?post=1312"}],"version-history":[{"count":10,"href":"https:\/\/www.intesys.it\/report-di-sostenibilita-2018\/wp-json\/wp\/v2\/pages\/1312\/revisions"}],"predecessor-version":[{"id":1423,"href":"https:\/\/www.intesys.it\/report-di-sostenibilita-2018\/wp-json\/wp\/v2\/pages\/1312\/revisions\/1423"}],"wp:attachment":[{"href":"https:\/\/www.intesys.it\/report-di-sostenibilita-2018\/wp-json\/wp\/v2\/media?parent=1312"}],"curies":[{"name":"wp","href":"https:\/\/api.w.org\/{rel}","templated":true}]}}