{"id":360,"date":"2018-07-19T16:35:05","date_gmt":"2018-07-19T14:35:05","guid":{"rendered":"https:\/\/www.intesys.it\/reportdisostenibilita2020\/?page_id=360"},"modified":"2022-05-30T15:42:57","modified_gmt":"2022-05-30T13:42:57","slug":"anticorruzione-e-comunita-locali","status":"publish","type":"page","link":"https:\/\/www.intesys.it\/report-di-sostenibilita-2021\/anticorruzione-e-comunita-locali\/","title":{"rendered":"Anticorruzione e Comunit\u00e0 Locali"},"content":{"rendered":"[vc_row type=&#8221;full_width_background&#8221; full_screen_row_position=&#8221;middle&#8221; column_margin=&#8221;default&#8221; column_direction=&#8221;default&#8221; column_direction_tablet=&#8221;default&#8221; column_direction_phone=&#8221;default&#8221; bg_image=&#8221;9&#8243; bg_position=&#8221;left top&#8221; background_image_loading=&#8221;default&#8221; bg_repeat=&#8221;no-repeat&#8221; scene_position=&#8221;center&#8221; text_color=&#8221;dark&#8221; text_align=&#8221;left&#8221; row_border_radius=&#8221;none&#8221; row_border_radius_applies=&#8221;bg&#8221; overflow=&#8221;visible&#8221; color_overlay=&#8221;#202020&#8243; overlay_strength=&#8221;0.8&#8243; gradient_direction=&#8221;left_to_right&#8221; shape_divider_position=&#8221;bottom&#8221; bg_image_animation=&#8221;none&#8221;][vc_column column_padding=&#8221;padding-10-percent&#8221; column_padding_tablet=&#8221;inherit&#8221; column_padding_phone=&#8221;inherit&#8221; column_padding_position=&#8221;top-bottom&#8221; column_element_spacing=&#8221;default&#8221; background_color_opacity=&#8221;1&#8243; background_hover_color_opacity=&#8221;1&#8243; column_shadow=&#8221;none&#8221; column_border_radius=&#8221;none&#8221; column_link_target=&#8221;_self&#8221; column_position=&#8221;default&#8221; gradient_direction=&#8221;left_to_right&#8221; overlay_strength=&#8221;0.3&#8243; width=&#8221;1\/1&#8243; tablet_width_inherit=&#8221;default&#8221; tablet_text_alignment=&#8221;default&#8221; phone_text_alignment=&#8221;default&#8221; animation_type=&#8221;default&#8221; bg_image_animation=&#8221;none&#8221; border_type=&#8221;simple&#8221; column_border_width=&#8221;none&#8221; column_border_style=&#8221;solid&#8221;][nectar_icon icon_family=&#8221;iconsmind&#8221; icon_style=&#8221;default&#8221; icon_color_type=&#8221;color_scheme&#8221; icon_color=&#8221;white&#8221; icon_padding=&#8221;0px&#8221; icon_iconsmind=&#8221;iconsmind-Handshake&#8221; icon_size=&#8221;50&#8243; margin_bottom=&#8221;50&#8243;][vc_column_text el_class=&#8221;responsabilita-title&#8221;]\n<h3 style=\"color: white; font-size: 60px; line-height: 66px;\">Anticorruzione e Comunit\u00e0 Locali<\/h3>\n[\/vc_column_text][\/vc_column][\/vc_row][vc_row type=&#8221;in_container&#8221; full_screen_row_position=&#8221;middle&#8221; column_margin=&#8221;default&#8221; column_direction=&#8221;default&#8221; column_direction_tablet=&#8221;default&#8221; column_direction_phone=&#8221;default&#8221; scene_position=&#8221;center&#8221; text_color=&#8221;dark&#8221; text_align=&#8221;left&#8221; row_border_radius=&#8221;none&#8221; row_border_radius_applies=&#8221;bg&#8221; overflow=&#8221;visible&#8221; overlay_strength=&#8221;0.3&#8243; gradient_direction=&#8221;left_to_right&#8221; shape_divider_position=&#8221;bottom&#8221; bg_image_animation=&#8221;none&#8221;][vc_column column_padding=&#8221;no-extra-padding&#8221; column_padding_tablet=&#8221;inherit&#8221; column_padding_phone=&#8221;inherit&#8221; column_padding_position=&#8221;all&#8221; column_element_spacing=&#8221;default&#8221; background_color_opacity=&#8221;1&#8243; background_hover_color_opacity=&#8221;1&#8243; column_shadow=&#8221;none&#8221; column_border_radius=&#8221;none&#8221; column_link_target=&#8221;_self&#8221; column_position=&#8221;default&#8221; gradient_direction=&#8221;left_to_right&#8221; overlay_strength=&#8221;0.3&#8243; width=&#8221;1\/1&#8243; tablet_width_inherit=&#8221;default&#8221; tablet_text_alignment=&#8221;default&#8221; phone_text_alignment=&#8221;default&#8221; animation_type=&#8221;default&#8221; bg_image_animation=&#8221;none&#8221; border_type=&#8221;simple&#8221; column_border_width=&#8221;none&#8221; column_border_style=&#8221;solid&#8221;][divider line_type=&#8221;No Line&#8221; custom_height=&#8221;100&#8243;][\/vc_column][\/vc_row][vc_row type=&#8221;in_container&#8221; full_screen_row_position=&#8221;middle&#8221; column_margin=&#8221;default&#8221; column_direction=&#8221;default&#8221; column_direction_tablet=&#8221;default&#8221; column_direction_phone=&#8221;default&#8221; scene_position=&#8221;center&#8221; text_color=&#8221;dark&#8221; text_align=&#8221;left&#8221; row_border_radius=&#8221;none&#8221; row_border_radius_applies=&#8221;bg&#8221; overflow=&#8221;visible&#8221; overlay_strength=&#8221;0.3&#8243; gradient_direction=&#8221;left_to_right&#8221; shape_divider_position=&#8221;bottom&#8221; bg_image_animation=&#8221;none&#8221;][vc_column column_padding=&#8221;no-extra-padding&#8221; column_padding_tablet=&#8221;inherit&#8221; column_padding_phone=&#8221;inherit&#8221; column_padding_position=&#8221;all&#8221; column_element_spacing=&#8221;default&#8221; background_color_opacity=&#8221;1&#8243; background_hover_color_opacity=&#8221;1&#8243; column_shadow=&#8221;none&#8221; column_border_radius=&#8221;none&#8221; column_link_target=&#8221;_self&#8221; column_position=&#8221;default&#8221; gradient_direction=&#8221;left_to_right&#8221; overlay_strength=&#8221;0.3&#8243; width=&#8221;1\/2&#8243; tablet_width_inherit=&#8221;default&#8221; tablet_text_alignment=&#8221;default&#8221; phone_text_alignment=&#8221;default&#8221; animation_type=&#8221;default&#8221; bg_image_animation=&#8221;none&#8221; border_type=&#8221;simple&#8221; column_border_width=&#8221;none&#8221; column_border_style=&#8221;solid&#8221;][vc_column_text css=&#8221;.vc_custom_1532011502825{padding-bottom: 20px !important;}&#8221;]\n<h3>Anticorruzione<\/h3>\n[\/vc_column_text][vc_column_text css=&#8221;.vc_custom_1532425958000{padding-right: 10% !important;}&#8221;]A fine 2017 Intesys ha iniziato un percorso organizzativo per la <strong>prevenzione di reati di corruzione<\/strong>. Il modello organizzativo che verr\u00e0 messo in campo \u00e8 quello previsto dal D.Lgs. 231\/01 relativo alla <strong>responsabilit\u00e0 amministrativa d\u2019impresa<\/strong>.<\/p>\n<p>A partire dal 2014 Intesys ha stilato ed adottato un proprio codice etico che rappresenta l\u2019enunciazione dei <strong>valori aziendali<\/strong>, nonch\u00e9 dei <strong>diritti<\/strong>, dei <strong>doveri<\/strong> e delle <strong>responsabilit\u00e0<\/strong> di Intesys rispetto a tutti i soggetti con cui entra in relazione per il conseguimento del proprio oggetto sociale. Il nostro codice etico \u00e8 in costante evoluzione per adattarsi alle esigenze imposte dalla crescita aziendale e dalle sempre diverse tipologie di rapporto intrattenute con clienti e fornitori.[\/vc_column_text][divider line_type=&#8221;No Line&#8221; custom_height=&#8221;100&#8243;][\/vc_column][vc_column column_padding=&#8221;no-extra-padding&#8221; column_padding_tablet=&#8221;inherit&#8221; column_padding_phone=&#8221;inherit&#8221; column_padding_position=&#8221;all&#8221; column_element_spacing=&#8221;default&#8221; background_color_opacity=&#8221;1&#8243; background_hover_color_opacity=&#8221;1&#8243; column_shadow=&#8221;none&#8221; column_border_radius=&#8221;none&#8221; column_link_target=&#8221;_self&#8221; column_position=&#8221;default&#8221; gradient_direction=&#8221;left_to_right&#8221; overlay_strength=&#8221;0.3&#8243; width=&#8221;1\/2&#8243; tablet_width_inherit=&#8221;default&#8221; tablet_text_alignment=&#8221;default&#8221; phone_text_alignment=&#8221;default&#8221; animation_type=&#8221;default&#8221; bg_image_animation=&#8221;none&#8221; border_type=&#8221;simple&#8221; column_border_width=&#8221;none&#8221; column_border_style=&#8221;solid&#8221;][vc_column_text css=&#8221;.vc_custom_1532011641909{padding-bottom: 20px !important;}&#8221;]\n<h3>Comunit\u00e0 Locali<\/h3>\n[\/vc_column_text][vc_column_text css=&#8221;.vc_custom_1532426337605{padding-right: 10% !important;}&#8221;]Pone tra i punti di riferimento per lo svolgimento della propria attivit\u00e0 l\u2019<strong>attenzione all\u2019ambiente<\/strong> e la <strong>promozione delle comunit\u00e0<\/strong> (\u201cplanet and people\u201d). Il nostro oggetto sociale \u00e8 incentrato sullo sviluppo di software e da sempre poniamo attenzione all\u2019utilizzo dei prodotti che sviluppiamo, in modo che siano <strong>coerenti e compatibili con i principi di attenzione all\u2019ambiente e di promozione della vita sociale<\/strong>. Nel periodo di riferimento non \u00e8 stata intrapresa nessuna attivit\u00e0 che potesse avere impatti negativi, potenziali o effettivi, sulle comunit\u00e0 locali.[\/vc_column_text][divider line_type=&#8221;No Line&#8221; custom_height=&#8221;100&#8243;][\/vc_column][\/vc_row][vc_row type=&#8221;in_container&#8221; full_screen_row_position=&#8221;middle&#8221; column_margin=&#8221;default&#8221; column_direction=&#8221;default&#8221; column_direction_tablet=&#8221;default&#8221; column_direction_phone=&#8221;default&#8221; scene_position=&#8221;center&#8221; text_color=&#8221;dark&#8221; text_align=&#8221;left&#8221; row_border_radius=&#8221;none&#8221; row_border_radius_applies=&#8221;bg&#8221; overflow=&#8221;visible&#8221; overlay_strength=&#8221;0.3&#8243; gradient_direction=&#8221;left_to_right&#8221; shape_divider_position=&#8221;bottom&#8221; bg_image_animation=&#8221;none&#8221;][vc_column column_padding=&#8221;no-extra-padding&#8221; column_padding_tablet=&#8221;inherit&#8221; column_padding_phone=&#8221;inherit&#8221; column_padding_position=&#8221;all&#8221; column_element_spacing=&#8221;default&#8221; background_color_opacity=&#8221;1&#8243; background_hover_color_opacity=&#8221;1&#8243; column_shadow=&#8221;none&#8221; column_border_radius=&#8221;none&#8221; column_link_target=&#8221;_self&#8221; column_position=&#8221;default&#8221; gradient_direction=&#8221;left_to_right&#8221; overlay_strength=&#8221;0.3&#8243; width=&#8221;1\/2&#8243; tablet_width_inherit=&#8221;default&#8221; tablet_text_alignment=&#8221;default&#8221; phone_text_alignment=&#8221;default&#8221; animation_type=&#8221;default&#8221; bg_image_animation=&#8221;none&#8221; border_type=&#8221;simple&#8221; column_border_width=&#8221;none&#8221; column_border_style=&#8221;solid&#8221;][divider line_type=&#8221;Full Width Line&#8221; line_thickness=&#8221;2&#8243; divider_color=&#8221;extra-color-gradient-1&#8243;][divider line_type=&#8221;No Line&#8221; custom_height=&#8221;50&#8243;][vc_row_inner equal_height=&#8221;yes&#8221; content_placement=&#8221;middle&#8221; column_margin=&#8221;default&#8221; column_direction=&#8221;default&#8221; column_direction_tablet=&#8221;default&#8221; column_direction_phone=&#8221;default&#8221; text_align=&#8221;left&#8221; row_position=&#8221;default&#8221; row_position_tablet=&#8221;inherit&#8221; row_position_phone=&#8221;inherit&#8221; overflow=&#8221;visible&#8221; pointer_events=&#8221;all&#8221;][vc_column_inner column_padding=&#8221;no-extra-padding&#8221; column_padding_tablet=&#8221;inherit&#8221; column_padding_phone=&#8221;inherit&#8221; column_padding_position=&#8221;all&#8221; column_element_spacing=&#8221;default&#8221; background_color_opacity=&#8221;1&#8243; background_hover_color_opacity=&#8221;1&#8243; column_shadow=&#8221;none&#8221; column_border_radius=&#8221;none&#8221; column_link_target=&#8221;_self&#8221; gradient_direction=&#8221;left_to_right&#8221; overlay_strength=&#8221;0.3&#8243; width=&#8221;2\/3&#8243; tablet_width_inherit=&#8221;default&#8221; animation_type=&#8221;default&#8221; bg_image_animation=&#8221;none&#8221; border_type=&#8221;simple&#8221; column_border_width=&#8221;none&#8221; column_border_style=&#8221;solid&#8221;][vc_column_text css=&#8221;.vc_custom_1537449989488{padding-right: 5% !important;}&#8221;]All&#8217;interno del percorso di adozione del &#8220;<strong>Modello 231<\/strong>&#8221; il codice etico \u00e8 stato aggiornato ed \u00e8 pubblicamente accessibile.[\/vc_column_text][divider line_type=&#8221;No Line&#8221; custom_height=&#8221;30&#8243;][\/vc_column_inner][vc_column_inner column_padding=&#8221;no-extra-padding&#8221; column_padding_tablet=&#8221;inherit&#8221; column_padding_phone=&#8221;inherit&#8221; column_padding_position=&#8221;all&#8221; column_element_spacing=&#8221;default&#8221; background_color_opacity=&#8221;1&#8243; background_hover_color_opacity=&#8221;1&#8243; column_shadow=&#8221;none&#8221; column_border_radius=&#8221;none&#8221; column_link_target=&#8221;_self&#8221; gradient_direction=&#8221;left_to_right&#8221; overlay_strength=&#8221;0.3&#8243; width=&#8221;1\/3&#8243; tablet_width_inherit=&#8221;default&#8221; animation_type=&#8221;default&#8221; bg_image_animation=&#8221;none&#8221; border_type=&#8221;simple&#8221; column_border_width=&#8221;none&#8221; column_border_style=&#8221;solid&#8221;][nectar_btn size=&#8221;small&#8221; button_style=&#8221;see-through-3d&#8221; color_override=&#8221;#0f33ce&#8221; text=&#8221;Scarica il Codice Etico&#8221; url=&#8221;https:\/\/www.intesys.it\/wp-content\/uploads\/2018\/08\/Codice-Etico-Intesys-231-2.1.pdf&#8221;][nectar_btn size=&#8221;small&#8221; open_new_tab=&#8221;true&#8221; button_style=&#8221;see-through-3d&#8221; color_override=&#8221;#0f33ce&#8221; url=&#8221;https:\/\/www.intesys.it\/wp-content\/uploads\/2018\/05\/Modello-Generale.pdf&#8221; text=&#8221;Scarica il Modello 231&#8243;][\/vc_column_inner][\/vc_row_inner][divider line_type=&#8221;No Line&#8221; custom_height=&#8221;100&#8243;][\/vc_column][vc_column column_padding=&#8221;no-extra-padding&#8221; column_padding_tablet=&#8221;inherit&#8221; column_padding_phone=&#8221;inherit&#8221; column_padding_position=&#8221;all&#8221; column_element_spacing=&#8221;default&#8221; background_color_opacity=&#8221;1&#8243; background_hover_color_opacity=&#8221;1&#8243; column_shadow=&#8221;none&#8221; column_border_radius=&#8221;none&#8221; column_link_target=&#8221;_self&#8221; column_position=&#8221;default&#8221; gradient_direction=&#8221;left_to_right&#8221; overlay_strength=&#8221;0.3&#8243; width=&#8221;1\/2&#8243; tablet_width_inherit=&#8221;default&#8221; tablet_text_alignment=&#8221;default&#8221; phone_text_alignment=&#8221;default&#8221; animation_type=&#8221;default&#8221; bg_image_animation=&#8221;none&#8221; border_type=&#8221;simple&#8221; column_border_width=&#8221;none&#8221; column_border_style=&#8221;solid&#8221;][\/vc_column][\/vc_row]\n","protected":false},"excerpt":{"rendered":"<p>[vc_row type=&#8221;full_width_background&#8221; full_screen_row_position=&#8221;middle&#8221; column_margin=&#8221;default&#8221; column_direction=&#8221;default&#8221; column_direction_tablet=&#8221;default&#8221; column_direction_phone=&#8221;default&#8221; bg_image=&#8221;9&#8243; bg_position=&#8221;left top&#8221; background_image_loading=&#8221;default&#8221; bg_repeat=&#8221;no-repeat&#8221; scene_position=&#8221;center&#8221; text_color=&#8221;dark&#8221; text_align=&#8221;left&#8221; row_border_radius=&#8221;none&#8221; row_border_radius_applies=&#8221;bg&#8221; overflow=&#8221;visible&#8221; color_overlay=&#8221;#202020&#8243; overlay_strength=&#8221;0.8&#8243; gradient_direction=&#8221;left_to_right&#8221; shape_divider_position=&#8221;bottom&#8221; bg_image_animation=&#8221;none&#8221;][vc_column column_padding=&#8221;padding-10-percent&#8221; column_padding_tablet=&#8221;inherit&#8221; column_padding_phone=&#8221;inherit&#8221; column_padding_position=&#8221;top-bottom&#8221; column_element_spacing=&#8221;default&#8221; background_color_opacity=&#8221;1&#8243; background_hover_color_opacity=&#8221;1&#8243;&#8230;<\/p>\n","protected":false},"author":17,"featured_media":0,"parent":0,"menu_order":0,"comment_status":"closed","ping_status":"closed","template":"","meta":{"_acf_changed":false,"inline_featured_image":false,"footnotes":""},"class_list":["post-360","page","type-page","status-publish"],"acf":[],"yoast_head":"<!-- This site is optimized with the Yoast SEO plugin v25.8 - https:\/\/yoast.com\/wordpress\/plugins\/seo\/ -->\n<title>Anticorruzione e Comunit\u00e0 Locali - Report di Sostenibilit\u00e0 2021<\/title>\n<meta name=\"description\" content=\"Dal 2017, Intesys ha iniziato un percorso organizzativo per la prevenzione di reati di corruzione sul modello organizzativo D.Lgs. 231\/01.\" \/>\n<meta name=\"robots\" content=\"noindex, follow, max-snippet:-1, max-image-preview:large, max-video-preview:-1\" \/>\n<meta property=\"og:locale\" content=\"it_IT\" \/>\n<meta property=\"og:type\" content=\"article\" \/>\n<meta property=\"og:title\" content=\"Anticorruzione e Comunit\u00e0 Locali - Report di Sostenibilit\u00e0 2021\" \/>\n<meta property=\"og:description\" content=\"Dal 2017, Intesys ha iniziato un percorso organizzativo per la prevenzione di reati di corruzione sul modello organizzativo D.Lgs. 231\/01.\" \/>\n<meta property=\"og:url\" content=\"https:\/\/www.intesys.it\/report-di-sostenibilita-2021\/anticorruzione-e-comunita-locali\/\" \/>\n<meta property=\"og:site_name\" content=\"Report di Sostenibilit\u00e0 2021\" \/>\n<meta property=\"article:modified_time\" content=\"2022-05-30T13:42:57+00:00\" \/>\n<meta property=\"og:image\" content=\"https:\/\/www.intesys.it\/report-di-sostenibilita-2021\/wp-content\/uploads\/sites\/12\/2021\/03\/logo_blu.png\" \/>\n\t<meta property=\"og:image:width\" content=\"200\" \/>\n\t<meta property=\"og:image:height\" content=\"200\" \/>\n\t<meta property=\"og:image:type\" content=\"image\/png\" \/>\n<meta name=\"twitter:card\" content=\"summary_large_image\" \/>\n<meta name=\"twitter:label1\" content=\"Tempo di lettura stimato\" \/>\n\t<meta name=\"twitter:data1\" content=\"7 minuti\" \/>\n<script type=\"application\/ld+json\" class=\"yoast-schema-graph\">{\"@context\":\"https:\/\/schema.org\",\"@graph\":[{\"@type\":\"WebPage\",\"@id\":\"https:\/\/www.intesys.it\/report-di-sostenibilita-2021\/anticorruzione-e-comunita-locali\/\",\"url\":\"https:\/\/www.intesys.it\/report-di-sostenibilita-2021\/anticorruzione-e-comunita-locali\/\",\"name\":\"Anticorruzione e Comunit\u00e0 Locali - Report di Sostenibilit\u00e0 2021\",\"isPartOf\":{\"@id\":\"https:\/\/www.intesys.it\/report-di-sostenibilita-2021\/#website\"},\"datePublished\":\"2018-07-19T14:35:05+00:00\",\"dateModified\":\"2022-05-30T13:42:57+00:00\",\"description\":\"Dal 2017, Intesys ha iniziato un percorso organizzativo per la prevenzione di reati di corruzione sul modello organizzativo D.Lgs. 231\/01.\",\"breadcrumb\":{\"@id\":\"https:\/\/www.intesys.it\/report-di-sostenibilita-2021\/anticorruzione-e-comunita-locali\/#breadcrumb\"},\"inLanguage\":\"it-IT\",\"potentialAction\":[{\"@type\":\"ReadAction\",\"target\":[\"https:\/\/www.intesys.it\/report-di-sostenibilita-2021\/anticorruzione-e-comunita-locali\/\"]}]},{\"@type\":\"BreadcrumbList\",\"@id\":\"https:\/\/www.intesys.it\/report-di-sostenibilita-2021\/anticorruzione-e-comunita-locali\/#breadcrumb\",\"itemListElement\":[{\"@type\":\"ListItem\",\"position\":1,\"name\":\"Home\",\"item\":\"https:\/\/www.intesys.it\/report-di-sostenibilita-2021\/\"},{\"@type\":\"ListItem\",\"position\":2,\"name\":\"Anticorruzione e Comunit\u00e0 Locali\"}]},{\"@type\":\"WebSite\",\"@id\":\"https:\/\/www.intesys.it\/report-di-sostenibilita-2021\/#website\",\"url\":\"https:\/\/www.intesys.it\/report-di-sostenibilita-2021\/\",\"name\":\"Report di Sostenibilit\u00e0 2021\",\"description\":\"\",\"potentialAction\":[{\"@type\":\"SearchAction\",\"target\":{\"@type\":\"EntryPoint\",\"urlTemplate\":\"https:\/\/www.intesys.it\/report-di-sostenibilita-2021\/?s={search_term_string}\"},\"query-input\":{\"@type\":\"PropertyValueSpecification\",\"valueRequired\":true,\"valueName\":\"search_term_string\"}}],\"inLanguage\":\"it-IT\"}]}<\/script>\n<!-- \/ Yoast SEO plugin. -->","yoast_head_json":{"title":"Anticorruzione e Comunit\u00e0 Locali - Report di Sostenibilit\u00e0 2021","description":"Dal 2017, Intesys ha iniziato un percorso organizzativo per la prevenzione di reati di corruzione sul modello organizzativo D.Lgs. 231\/01.","robots":{"index":"noindex","follow":"follow","max-snippet":"max-snippet:-1","max-image-preview":"max-image-preview:large","max-video-preview":"max-video-preview:-1"},"og_locale":"it_IT","og_type":"article","og_title":"Anticorruzione e Comunit\u00e0 Locali - Report di Sostenibilit\u00e0 2021","og_description":"Dal 2017, Intesys ha iniziato un percorso organizzativo per la prevenzione di reati di corruzione sul modello organizzativo D.Lgs. 231\/01.","og_url":"https:\/\/www.intesys.it\/report-di-sostenibilita-2021\/anticorruzione-e-comunita-locali\/","og_site_name":"Report di Sostenibilit\u00e0 2021","article_modified_time":"2022-05-30T13:42:57+00:00","og_image":[{"width":200,"height":200,"url":"https:\/\/www.intesys.it\/report-di-sostenibilita-2021\/wp-content\/uploads\/sites\/12\/2021\/03\/logo_blu.png","type":"image\/png"}],"twitter_card":"summary_large_image","twitter_misc":{"Tempo di lettura stimato":"7 minuti"},"schema":{"@context":"https:\/\/schema.org","@graph":[{"@type":"WebPage","@id":"https:\/\/www.intesys.it\/report-di-sostenibilita-2021\/anticorruzione-e-comunita-locali\/","url":"https:\/\/www.intesys.it\/report-di-sostenibilita-2021\/anticorruzione-e-comunita-locali\/","name":"Anticorruzione e Comunit\u00e0 Locali - Report di Sostenibilit\u00e0 2021","isPartOf":{"@id":"https:\/\/www.intesys.it\/report-di-sostenibilita-2021\/#website"},"datePublished":"2018-07-19T14:35:05+00:00","dateModified":"2022-05-30T13:42:57+00:00","description":"Dal 2017, Intesys ha iniziato un percorso organizzativo per la prevenzione di reati di corruzione sul modello organizzativo D.Lgs. 231\/01.","breadcrumb":{"@id":"https:\/\/www.intesys.it\/report-di-sostenibilita-2021\/anticorruzione-e-comunita-locali\/#breadcrumb"},"inLanguage":"it-IT","potentialAction":[{"@type":"ReadAction","target":["https:\/\/www.intesys.it\/report-di-sostenibilita-2021\/anticorruzione-e-comunita-locali\/"]}]},{"@type":"BreadcrumbList","@id":"https:\/\/www.intesys.it\/report-di-sostenibilita-2021\/anticorruzione-e-comunita-locali\/#breadcrumb","itemListElement":[{"@type":"ListItem","position":1,"name":"Home","item":"https:\/\/www.intesys.it\/report-di-sostenibilita-2021\/"},{"@type":"ListItem","position":2,"name":"Anticorruzione e Comunit\u00e0 Locali"}]},{"@type":"WebSite","@id":"https:\/\/www.intesys.it\/report-di-sostenibilita-2021\/#website","url":"https:\/\/www.intesys.it\/report-di-sostenibilita-2021\/","name":"Report di Sostenibilit\u00e0 2021","description":"","potentialAction":[{"@type":"SearchAction","target":{"@type":"EntryPoint","urlTemplate":"https:\/\/www.intesys.it\/report-di-sostenibilita-2021\/?s={search_term_string}"},"query-input":{"@type":"PropertyValueSpecification","valueRequired":true,"valueName":"search_term_string"}}],"inLanguage":"it-IT"}]}},"_links":{"self":[{"href":"https:\/\/www.intesys.it\/report-di-sostenibilita-2021\/wp-json\/wp\/v2\/pages\/360","targetHints":{"allow":["GET"]}}],"collection":[{"href":"https:\/\/www.intesys.it\/report-di-sostenibilita-2021\/wp-json\/wp\/v2\/pages"}],"about":[{"href":"https:\/\/www.intesys.it\/report-di-sostenibilita-2021\/wp-json\/wp\/v2\/types\/page"}],"author":[{"embeddable":true,"href":"https:\/\/www.intesys.it\/report-di-sostenibilita-2021\/wp-json\/wp\/v2\/users\/17"}],"replies":[{"embeddable":true,"href":"https:\/\/www.intesys.it\/report-di-sostenibilita-2021\/wp-json\/wp\/v2\/comments?post=360"}],"version-history":[{"count":10,"href":"https:\/\/www.intesys.it\/report-di-sostenibilita-2021\/wp-json\/wp\/v2\/pages\/360\/revisions"}],"predecessor-version":[{"id":1587,"href":"https:\/\/www.intesys.it\/report-di-sostenibilita-2021\/wp-json\/wp\/v2\/pages\/360\/revisions\/1587"}],"wp:attachment":[{"href":"https:\/\/www.intesys.it\/report-di-sostenibilita-2021\/wp-json\/wp\/v2\/media?parent=360"}],"curies":[{"name":"wp","href":"https:\/\/api.w.org\/{rel}","templated":true}]}}