{"id":372,"date":"2018-07-19T17:16:48","date_gmt":"2018-07-19T15:16:48","guid":{"rendered":"https:\/\/www.intesys.it\/reportdisostenibilita2020\/?page_id=372"},"modified":"2021-07-26T10:56:01","modified_gmt":"2021-07-26T08:56:01","slug":"responsabilita-di-prodotto","status":"publish","type":"page","link":"https:\/\/www.intesys.it\/report-di-sostenibilita-2021\/responsabilita-di-prodotto\/","title":{"rendered":"Responsabilit\u00e0 di prodotto"},"content":{"rendered":"[vc_row type=&#8221;full_width_background&#8221; full_screen_row_position=&#8221;middle&#8221; bg_color=&#8221;#8659f1&#8243; scene_position=&#8221;center&#8221; text_color=&#8221;dark&#8221; text_align=&#8221;left&#8221; overlay_strength=&#8221;0.3&#8243;][vc_column column_padding=&#8221;padding-10-percent&#8221; column_padding_position=&#8221;top-bottom&#8221; background_color_opacity=&#8221;1&#8243; background_hover_color_opacity=&#8221;1&#8243; column_shadow=&#8221;none&#8221; width=&#8221;1\/1&#8243; tablet_text_alignment=&#8221;default&#8221; phone_text_alignment=&#8221;default&#8221; column_border_width=&#8221;none&#8221; column_border_style=&#8221;solid&#8221;][nectar_icon icon_family=&#8221;iconsmind&#8221; icon_style=&#8221;default&#8221; icon_color=&#8221;white&#8221; icon_padding=&#8221;0px&#8221; icon_iconsmind=&#8221;iconsmind-Electricity&#8221; icon_size=&#8221;50&#8243; margin_bottom=&#8221;50&#8243;][vc_column_text el_class=&#8221;responsabilita-title&#8221;]\n<h3 style=\"color: white; font-size: 60px; line-height: 66px;\">Responsabilit\u00e0 di prodotto<\/h3>\n[\/vc_column_text][\/vc_column][\/vc_row][vc_row type=&#8221;in_container&#8221; full_screen_row_position=&#8221;middle&#8221; scene_position=&#8221;center&#8221; text_color=&#8221;dark&#8221; text_align=&#8221;left&#8221; overlay_strength=&#8221;0.3&#8243;][vc_column column_padding=&#8221;no-extra-padding&#8221; column_padding_position=&#8221;all&#8221; background_color_opacity=&#8221;1&#8243; background_hover_color_opacity=&#8221;1&#8243; column_shadow=&#8221;none&#8221; width=&#8221;1\/1&#8243; tablet_text_alignment=&#8221;default&#8221; phone_text_alignment=&#8221;default&#8221; column_border_width=&#8221;none&#8221; column_border_style=&#8221;solid&#8221;][divider line_type=&#8221;No Line&#8221; custom_height=&#8221;100&#8243;][\/vc_column][\/vc_row][vc_row type=&#8221;in_container&#8221; full_screen_row_position=&#8221;middle&#8221; scene_position=&#8221;center&#8221; text_color=&#8221;dark&#8221; text_align=&#8221;left&#8221; overlay_strength=&#8221;0.3&#8243;][vc_column column_padding=&#8221;no-extra-padding&#8221; column_padding_position=&#8221;all&#8221; background_color_opacity=&#8221;1&#8243; background_hover_color_opacity=&#8221;1&#8243; column_shadow=&#8221;none&#8221; width=&#8221;1\/2&#8243; tablet_text_alignment=&#8221;default&#8221; phone_text_alignment=&#8221;default&#8221; column_border_width=&#8221;none&#8221; column_border_style=&#8221;solid&#8221;][vc_column_text css=&#8221;.vc_custom_1537107034554{padding-right: 10% !important;}&#8221;]Intesys \u00e8 una azienda di sviluppo software e di supporto e assistenza. L\u2019impatto su <strong>salute<\/strong>, <strong>sicurezza<\/strong> e <strong>ambiente<\/strong> del ciclo di vita dei nostri prodotti e servizi \u00e8 limitato al consumo di energia e alla produzione di rifiuti, peraltro contenuti e tipici di un ufficio e non di una manifattura.[\/vc_column_text][divider line_type=&#8221;No Line&#8221; custom_height=&#8221;30&#8243;][nectar_cta heading_tag=&#8221;h6&#8243; text_color=&#8221;#0f33ce&#8221; link_type=&#8221;regular&#8221; alignment=&#8221;left&#8221; text=&#8221;Sponsorizzazioni e attivit\u00e0 a impatto sociale e ambientale&#8221; url=&#8221;https:\/\/www.intesys.it\/report-di-sostenibilita-2021\/sponsorizzazioni-e-attivita-a-impatto-sociale-e-ambientale\/&#8221;][divider line_type=&#8221;No Line&#8221; custom_height=&#8221;50&#8243;][\/vc_column][vc_column centered_text=&#8221;true&#8221; column_padding=&#8221;padding-11-percent&#8221; column_padding_position=&#8221;left-right&#8221; background_color_opacity=&#8221;1&#8243; background_hover_color_opacity=&#8221;1&#8243; column_shadow=&#8221;none&#8221; width=&#8221;1\/2&#8243; tablet_text_alignment=&#8221;default&#8221; phone_text_alignment=&#8221;default&#8221; column_border_width=&#8221;none&#8221; column_border_style=&#8221;solid&#8221;][image_with_animation image_url=&#8221;384&#8243; alignment=&#8221;&#8221; animation=&#8221;Fade In&#8221; box_shadow=&#8221;none&#8221; max_width=&#8221;100%&#8221;][divider line_type=&#8221;No Line&#8221; custom_height=&#8221;100&#8243;][\/vc_column][vc_column column_padding=&#8221;no-extra-padding&#8221; column_padding_position=&#8221;all&#8221; background_color_opacity=&#8221;1&#8243; background_hover_color_opacity=&#8221;1&#8243; column_shadow=&#8221;none&#8221; width=&#8221;1\/1&#8243; tablet_text_alignment=&#8221;default&#8221; phone_text_alignment=&#8221;default&#8221; column_border_width=&#8221;none&#8221; column_border_style=&#8221;solid&#8221;][\/vc_column][\/vc_row][vc_row type=&#8221;in_container&#8221; full_screen_row_position=&#8221;middle&#8221; scene_position=&#8221;center&#8221; text_color=&#8221;dark&#8221; text_align=&#8221;left&#8221; overlay_strength=&#8221;0.3&#8243;][vc_column column_padding=&#8221;no-extra-padding&#8221; column_padding_position=&#8221;all&#8221; background_color_opacity=&#8221;1&#8243; background_hover_color_opacity=&#8221;1&#8243; column_shadow=&#8221;none&#8221; width=&#8221;1\/2&#8243; tablet_text_alignment=&#8221;default&#8221; phone_text_alignment=&#8221;default&#8221; column_border_width=&#8221;none&#8221; column_border_style=&#8221;solid&#8221;][vc_column_text css=&#8221;.vc_custom_1532425188141{padding-right: 10% !important;}&#8221;]In particolare per il servizio di <strong>hosting di siti<\/strong> e <strong>portali web<\/strong> abbiamo predisposto una procedura di calcolo dell\u2019impatto ambientale in emissioni CO2 e relativo annullamento. C\u2019\u00e8 un aspetto di responsabilit\u00e0 di prodotto relativo alla scelta e utilizzo dei fornitori per avere garanzia di condivisione di principi di responsabilit\u00e0. Viene posta attenzione alla <strong>scelta di fornitori<\/strong> che applichino le norme in materia di contratti di lavoro e mostrino attenzione alle tematiche ambientali. In particolare ed in modo esplicito, nel <strong>codice etico<\/strong> si pone come necessario un criterio di scelta del fornitore basato sul rispetto di aspetti ambientali legati alle forniture.[\/vc_column_text][\/vc_column][vc_column column_padding=&#8221;no-extra-padding&#8221; column_padding_position=&#8221;all&#8221; background_color_opacity=&#8221;1&#8243; background_hover_color_opacity=&#8221;1&#8243; column_shadow=&#8221;none&#8221; width=&#8221;1\/2&#8243; tablet_text_alignment=&#8221;default&#8221; phone_text_alignment=&#8221;default&#8221; column_border_width=&#8221;none&#8221; column_border_style=&#8221;solid&#8221;][vc_column_text css=&#8221;.vc_custom_1537107078117{padding-right: 10% !important;}&#8221;]Intesys rivolge le sue attivit\u00e0 di marketing e promozione ad una platea limitata di responsabili di sistemi informativi aziendali e non ad una generalit\u00e0 di utenti. <strong>Non sono state definite procedure<\/strong> per garantire conformit\u00e0 a standard o codici volontari relativi all&#8217;attivit\u00e0 di marketing incluse pubblicit\u00e0, promozione e sponsorizzazione.[\/vc_column_text][\/vc_column][vc_column column_padding=&#8221;no-extra-padding&#8221; column_padding_position=&#8221;all&#8221; background_color_opacity=&#8221;1&#8243; background_hover_color_opacity=&#8221;1&#8243; column_shadow=&#8221;none&#8221; width=&#8221;1\/1&#8243; tablet_text_alignment=&#8221;default&#8221; phone_text_alignment=&#8221;default&#8221; column_border_width=&#8221;none&#8221; column_border_style=&#8221;solid&#8221;][divider line_type=&#8221;No Line&#8221; custom_height=&#8221;100&#8243;][\/vc_column][\/vc_row]\n","protected":false},"excerpt":{"rendered":"<p>[vc_row type=&#8221;full_width_background&#8221; full_screen_row_position=&#8221;middle&#8221; bg_color=&#8221;#8659f1&#8243; scene_position=&#8221;center&#8221; text_color=&#8221;dark&#8221; text_align=&#8221;left&#8221; overlay_strength=&#8221;0.3&#8243;][vc_column column_padding=&#8221;padding-10-percent&#8221; column_padding_position=&#8221;top-bottom&#8221; background_color_opacity=&#8221;1&#8243; background_hover_color_opacity=&#8221;1&#8243; column_shadow=&#8221;none&#8221; width=&#8221;1\/1&#8243; tablet_text_alignment=&#8221;default&#8221; phone_text_alignment=&#8221;default&#8221; column_border_width=&#8221;none&#8221; column_border_style=&#8221;solid&#8221;][nectar_icon icon_family=&#8221;iconsmind&#8221; icon_style=&#8221;default&#8221; icon_color=&#8221;white&#8221; icon_padding=&#8221;0px&#8221; icon_iconsmind=&#8221;iconsmind-Electricity&#8221; icon_size=&#8221;50&#8243; margin_bottom=&#8221;50&#8243;][vc_column_text el_class=&#8221;responsabilita-title&#8221;] Responsabilit\u00e0 di prodotto [\/vc_column_text][\/vc_column][\/vc_row][vc_row&#8230;<\/p>\n","protected":false},"author":17,"featured_media":0,"parent":0,"menu_order":0,"comment_status":"closed","ping_status":"closed","template":"","meta":{"_acf_changed":false,"inline_featured_image":false,"footnotes":""},"class_list":["post-372","page","type-page","status-publish"],"acf":[],"yoast_head":"<!-- This site is optimized with the Yoast SEO plugin v25.8 - https:\/\/yoast.com\/wordpress\/plugins\/seo\/ -->\n<title>Responsabilit\u00e0 di prodotto - Report di Sostenibilit\u00e0 2021<\/title>\n<meta name=\"description\" content=\"L&#039;impatto su salute, sicurezza e ambiente del ciclo di vita dei nostri prodotti e servizi \u00e8 limitato al consumo di energia e alla produzione di rifiuti.\" \/>\n<meta name=\"robots\" content=\"noindex, follow, max-snippet:-1, max-image-preview:large, max-video-preview:-1\" \/>\n<meta property=\"og:locale\" content=\"it_IT\" \/>\n<meta property=\"og:type\" content=\"article\" \/>\n<meta property=\"og:title\" content=\"Responsabilit\u00e0 di prodotto - Report di Sostenibilit\u00e0 2021\" \/>\n<meta property=\"og:description\" content=\"L&#039;impatto su salute, sicurezza e ambiente del ciclo di vita dei nostri prodotti e servizi \u00e8 limitato al consumo di energia e alla produzione di rifiuti.\" \/>\n<meta property=\"og:url\" content=\"https:\/\/www.intesys.it\/report-di-sostenibilita-2021\/responsabilita-di-prodotto\/\" \/>\n<meta property=\"og:site_name\" content=\"Report di Sostenibilit\u00e0 2021\" \/>\n<meta property=\"article:modified_time\" content=\"2021-07-26T08:56:01+00:00\" \/>\n<meta property=\"og:image\" content=\"https:\/\/www.intesys.it\/report-di-sostenibilita-2021\/wp-content\/uploads\/sites\/12\/2021\/03\/logo_blu.png\" \/>\n\t<meta property=\"og:image:width\" content=\"200\" \/>\n\t<meta property=\"og:image:height\" content=\"200\" \/>\n\t<meta property=\"og:image:type\" content=\"image\/png\" \/>\n<meta name=\"twitter:card\" content=\"summary_large_image\" \/>\n<meta name=\"twitter:label1\" content=\"Tempo di lettura stimato\" \/>\n\t<meta name=\"twitter:data1\" content=\"4 minuti\" \/>\n<script type=\"application\/ld+json\" class=\"yoast-schema-graph\">{\"@context\":\"https:\/\/schema.org\",\"@graph\":[{\"@type\":\"WebPage\",\"@id\":\"https:\/\/www.intesys.it\/report-di-sostenibilita-2021\/responsabilita-di-prodotto\/\",\"url\":\"https:\/\/www.intesys.it\/report-di-sostenibilita-2021\/responsabilita-di-prodotto\/\",\"name\":\"Responsabilit\u00e0 di prodotto - Report di Sostenibilit\u00e0 2021\",\"isPartOf\":{\"@id\":\"https:\/\/www.intesys.it\/report-di-sostenibilita-2021\/#website\"},\"datePublished\":\"2018-07-19T15:16:48+00:00\",\"dateModified\":\"2021-07-26T08:56:01+00:00\",\"description\":\"L'impatto su salute, sicurezza e ambiente del ciclo di vita dei nostri prodotti e servizi \u00e8 limitato al consumo di energia e alla produzione di rifiuti.\",\"breadcrumb\":{\"@id\":\"https:\/\/www.intesys.it\/report-di-sostenibilita-2021\/responsabilita-di-prodotto\/#breadcrumb\"},\"inLanguage\":\"it-IT\",\"potentialAction\":[{\"@type\":\"ReadAction\",\"target\":[\"https:\/\/www.intesys.it\/report-di-sostenibilita-2021\/responsabilita-di-prodotto\/\"]}]},{\"@type\":\"BreadcrumbList\",\"@id\":\"https:\/\/www.intesys.it\/report-di-sostenibilita-2021\/responsabilita-di-prodotto\/#breadcrumb\",\"itemListElement\":[{\"@type\":\"ListItem\",\"position\":1,\"name\":\"Home\",\"item\":\"https:\/\/www.intesys.it\/report-di-sostenibilita-2021\/\"},{\"@type\":\"ListItem\",\"position\":2,\"name\":\"Responsabilit\u00e0 di prodotto\"}]},{\"@type\":\"WebSite\",\"@id\":\"https:\/\/www.intesys.it\/report-di-sostenibilita-2021\/#website\",\"url\":\"https:\/\/www.intesys.it\/report-di-sostenibilita-2021\/\",\"name\":\"Report di Sostenibilit\u00e0 2021\",\"description\":\"\",\"potentialAction\":[{\"@type\":\"SearchAction\",\"target\":{\"@type\":\"EntryPoint\",\"urlTemplate\":\"https:\/\/www.intesys.it\/report-di-sostenibilita-2021\/?s={search_term_string}\"},\"query-input\":{\"@type\":\"PropertyValueSpecification\",\"valueRequired\":true,\"valueName\":\"search_term_string\"}}],\"inLanguage\":\"it-IT\"}]}<\/script>\n<!-- \/ Yoast SEO plugin. -->","yoast_head_json":{"title":"Responsabilit\u00e0 di prodotto - Report di Sostenibilit\u00e0 2021","description":"L'impatto su salute, sicurezza e ambiente del ciclo di vita dei nostri prodotti e servizi \u00e8 limitato al consumo di energia e alla produzione di rifiuti.","robots":{"index":"noindex","follow":"follow","max-snippet":"max-snippet:-1","max-image-preview":"max-image-preview:large","max-video-preview":"max-video-preview:-1"},"og_locale":"it_IT","og_type":"article","og_title":"Responsabilit\u00e0 di prodotto - Report di Sostenibilit\u00e0 2021","og_description":"L'impatto su salute, sicurezza e ambiente del ciclo di vita dei nostri prodotti e servizi \u00e8 limitato al consumo di energia e alla produzione di rifiuti.","og_url":"https:\/\/www.intesys.it\/report-di-sostenibilita-2021\/responsabilita-di-prodotto\/","og_site_name":"Report di Sostenibilit\u00e0 2021","article_modified_time":"2021-07-26T08:56:01+00:00","og_image":[{"width":200,"height":200,"url":"https:\/\/www.intesys.it\/report-di-sostenibilita-2021\/wp-content\/uploads\/sites\/12\/2021\/03\/logo_blu.png","type":"image\/png"}],"twitter_card":"summary_large_image","twitter_misc":{"Tempo di lettura stimato":"4 minuti"},"schema":{"@context":"https:\/\/schema.org","@graph":[{"@type":"WebPage","@id":"https:\/\/www.intesys.it\/report-di-sostenibilita-2021\/responsabilita-di-prodotto\/","url":"https:\/\/www.intesys.it\/report-di-sostenibilita-2021\/responsabilita-di-prodotto\/","name":"Responsabilit\u00e0 di prodotto - Report di Sostenibilit\u00e0 2021","isPartOf":{"@id":"https:\/\/www.intesys.it\/report-di-sostenibilita-2021\/#website"},"datePublished":"2018-07-19T15:16:48+00:00","dateModified":"2021-07-26T08:56:01+00:00","description":"L'impatto su salute, sicurezza e ambiente del ciclo di vita dei nostri prodotti e servizi \u00e8 limitato al consumo di energia e alla produzione di rifiuti.","breadcrumb":{"@id":"https:\/\/www.intesys.it\/report-di-sostenibilita-2021\/responsabilita-di-prodotto\/#breadcrumb"},"inLanguage":"it-IT","potentialAction":[{"@type":"ReadAction","target":["https:\/\/www.intesys.it\/report-di-sostenibilita-2021\/responsabilita-di-prodotto\/"]}]},{"@type":"BreadcrumbList","@id":"https:\/\/www.intesys.it\/report-di-sostenibilita-2021\/responsabilita-di-prodotto\/#breadcrumb","itemListElement":[{"@type":"ListItem","position":1,"name":"Home","item":"https:\/\/www.intesys.it\/report-di-sostenibilita-2021\/"},{"@type":"ListItem","position":2,"name":"Responsabilit\u00e0 di prodotto"}]},{"@type":"WebSite","@id":"https:\/\/www.intesys.it\/report-di-sostenibilita-2021\/#website","url":"https:\/\/www.intesys.it\/report-di-sostenibilita-2021\/","name":"Report di Sostenibilit\u00e0 2021","description":"","potentialAction":[{"@type":"SearchAction","target":{"@type":"EntryPoint","urlTemplate":"https:\/\/www.intesys.it\/report-di-sostenibilita-2021\/?s={search_term_string}"},"query-input":{"@type":"PropertyValueSpecification","valueRequired":true,"valueName":"search_term_string"}}],"inLanguage":"it-IT"}]}},"_links":{"self":[{"href":"https:\/\/www.intesys.it\/report-di-sostenibilita-2021\/wp-json\/wp\/v2\/pages\/372","targetHints":{"allow":["GET"]}}],"collection":[{"href":"https:\/\/www.intesys.it\/report-di-sostenibilita-2021\/wp-json\/wp\/v2\/pages"}],"about":[{"href":"https:\/\/www.intesys.it\/report-di-sostenibilita-2021\/wp-json\/wp\/v2\/types\/page"}],"author":[{"embeddable":true,"href":"https:\/\/www.intesys.it\/report-di-sostenibilita-2021\/wp-json\/wp\/v2\/users\/17"}],"replies":[{"embeddable":true,"href":"https:\/\/www.intesys.it\/report-di-sostenibilita-2021\/wp-json\/wp\/v2\/comments?post=372"}],"version-history":[{"count":25,"href":"https:\/\/www.intesys.it\/report-di-sostenibilita-2021\/wp-json\/wp\/v2\/pages\/372\/revisions"}],"predecessor-version":[{"id":1387,"href":"https:\/\/www.intesys.it\/report-di-sostenibilita-2021\/wp-json\/wp\/v2\/pages\/372\/revisions\/1387"}],"wp:attachment":[{"href":"https:\/\/www.intesys.it\/report-di-sostenibilita-2021\/wp-json\/wp\/v2\/media?parent=372"}],"curies":[{"name":"wp","href":"https:\/\/api.w.org\/{rel}","templated":true}]}}